{"id":300,"date":"2026-02-12T09:01:27","date_gmt":"2026-02-12T08:01:27","guid":{"rendered":"https:\/\/huvona.wenco.tech\/?page_id=300"},"modified":"2026-03-25T11:58:08","modified_gmt":"2026-03-25T10:58:08","slug":"frische-tiernahrung-mit-konzept","status":"publish","type":"page","link":"https:\/\/huvona.wenco.tech\/index.php\/frische-tiernahrung-mit-konzept\/","title":{"rendered":"Frische Tiernahrung mit Konzept"},"content":{"rendered":"\t\t<div data-elementor-type=\"wp-page\" data-elementor-id=\"300\" class=\"elementor elementor-300\">\n\t\t\t\t<div class=\"elementor-element elementor-element-747443d3 e-flex e-con-boxed e-con e-parent\" data-id=\"747443d3\" data-element_type=\"container\" data-e-type=\"container\" id=\"services\" data-settings=\"{&quot;background_background&quot;:&quot;classic&quot;}\">\n\t\t\t\t\t<div class=\"e-con-inner\">\n\t\t<div class=\"elementor-element elementor-element-22eaf0d6 e-con-full e-flex e-con e-child\" data-id=\"22eaf0d6\" data-element_type=\"container\" data-e-type=\"container\" data-settings=\"{&quot;background_background&quot;:&quot;gradient&quot;}\">\n\t\t\t\t<div class=\"elementor-element elementor-element-14b8495f elementor-widget elementor-widget-text-editor\" data-id=\"14b8495f\" data-element_type=\"widget\" data-e-type=\"widget\" data-widget_type=\"text-editor.default\">\n\t\t\t\t\t\t\t\t\t<h1 style=\"text-align: center;\"><\/h1>\n<h2 class=\"has-text-align-center has-large-font-size\"><span style=\"text-decoration: underline; color: #000000;\">Frische Tiernahrung \u2013 nat\u00fcrlich, individuell und artgerecht<\/span><\/h2>\n<h1 style=\"text-align: center;\"><span style=\"color: #000000;\"><\/span><\/h1>\n<div class=\"wp-block-spacer\" style=\"height: 3px;\" aria-hidden=\"true\">\u00a0<\/div>\n<div aria-hidden=\"true\">\u00a0<\/div>\n<div aria-hidden=\"true\">\u00a0<\/div>\n<div aria-hidden=\"true\">\u00a0<\/div>\n<div aria-hidden=\"true\">\u00a0<\/div>\n<div aria-hidden=\"true\">\u00a0<\/div>\n<div aria-hidden=\"true\">\u00a0<\/div>\n<div aria-hidden=\"true\">\u00a0<\/div>\n<div aria-hidden=\"true\">\u00a0<\/div>\n<div aria-hidden=\"true\">\u00a0<\/div>\n<div aria-hidden=\"true\">\u00a0<\/div>\n<div aria-hidden=\"true\">\u00a0<\/div>\n<div aria-hidden=\"true\">\u00a0<\/div>\n<div aria-hidden=\"true\">\u00a0<\/div>\n<div aria-hidden=\"true\">\u00a0<\/div>\n<div aria-hidden=\"true\">\u00a0<\/div>\n<div aria-hidden=\"true\">\u00a0<\/div>\n<div aria-hidden=\"true\">\u00a0<\/div>\n<div aria-hidden=\"true\">\u00a0<\/div>\n<div aria-hidden=\"true\">\u00a0<\/div>\n<div aria-hidden=\"true\">\u00a0<\/div>\n<div aria-hidden=\"true\">\u00a0<\/div>\n<div aria-hidden=\"true\">\u00a0<\/div>\n<div aria-hidden=\"true\">\u00a0<\/div>\n<div aria-hidden=\"true\">\u00a0<\/div>\n<div aria-hidden=\"true\">\u00a0<\/div>\n<div aria-hidden=\"true\">\u00a0<\/div>\n<div aria-hidden=\"true\">\u00a0<\/div>\n<div aria-hidden=\"true\">\u00a0<\/div>\n<div aria-hidden=\"true\">\u00a0<\/div>\n<div aria-hidden=\"true\">\u00a0<\/div>\n<div aria-hidden=\"true\">\u00a0<\/div>\n<div aria-hidden=\"true\">\u00a0<\/div>\n<div aria-hidden=\"true\">\u00a0<\/div>\n<div aria-hidden=\"true\">\u00a0<\/div>\n<div aria-hidden=\"true\">\u00a0<\/div>\n<h1 style=\"text-align: center;\"><span style=\"color: #000000;\"><\/span><\/h1>\n<p class=\"has-text-align-center has-medium-font-size\"><span style=\"color: #000000;\">Wir stellen hochwertige Tiernahrung f\u00fcr Hunde frisch vor Ort her. Unsere Zutaten werden sorgf\u00e4ltig ausgew\u00e4hlt, direkt verarbeitet und ohne k\u00fcnstliche Zus\u00e4tze zubereitet. Besonders im Bereich BARF fertigen wir jede Mahlzeit individuell nach Kundenwunsch \u2013 exakt abgestimmt auf die Bed\u00fcrfnisse Ihres Tieres.<\/span><\/p>\n<p>\u00a0<\/p>\n<p>\u00a0<\/p>\n<p>\u00a0<\/p>\n<p>\u00a0<\/p>\n<p>\u00a0<\/p>\n<p>\u00a0<\/p>\n<p>\u00a0<\/p>\n<p>\u00a0<\/p>\n<p>\u00a0<\/p>\n<p>\u00a0<\/p>\n<p>\u00a0<\/p>\n<p>\u00a0<\/p>\n<p>\u00a0<\/p>\n<h1 style=\"text-align: center;\"><span style=\"color: #000000;\"><\/span><\/h1>\n<p class=\"has-text-align-center has-medium-font-size\"><span style=\"color: #000000;\">Frisches Fleisch &amp; BARF<\/span><\/p>\n<p>\u00a0<\/p>\n<p>\u00a0<\/p>\n<p>\u00a0<\/p>\n<p>\u00a0<\/p>\n<p>\u00a0<\/p>\n<p>\u00a0<\/p>\n<p>\u00a0<\/p>\n<p>\u00a0<\/p>\n<p>\u00a0<\/p>\n<p>\u00a0<\/p>\n<p>\u00a0<\/p>\n<p>\u00a0<\/p>\n<p>\u00a0<\/p>\n<p>\u00a0<\/p>\n<p>\u00a0<\/p>\n<h1 style=\"text-align: center;\"><span style=\"color: #000000;\"><\/span><\/h1>\n<p class=\"has-text-align-center has-medium-font-size\"><span style=\"color: #000000;\">Wir verarbeiten s\u00e4mtliche Teile vom Rind \u2013 vom Pansen, Bl\u00e4ttermagen \u00fcber Muskelfleisch, Innereien bis zu Knochen.<\/span><br \/><span style=\"color: #000000;\">Zus\u00e4tzlich verarbeiten wir:<\/span><\/p>\n<p>\u00a0<\/p>\n<p>\u00a0<\/p>\n<p>\u00a0<\/p>\n<p>\u00a0<\/p>\n<p>\u00a0<\/p>\n<p>\u00a0<\/p>\n<p>\u00a0<\/p>\n<p>\u00a0<\/p>\n<p>\u00a0<\/p>\n<p>\u00a0<\/p>\n<p>\u00a0<\/p>\n<p>\u00a0<\/p>\n<p>\u00a0<\/p>\n<p>\u00a0<\/p>\n<p>\u00a0<\/p>\n<p>\u00a0<\/p>\n<p>\u00a0<\/p>\n<p>\u00a0<\/p>\n<p>\u00a0<\/p>\n<h1 style=\"text-align: center;\"><span style=\"color: #000000;\"><\/span><\/h1>\n<p class=\"has-text-align-center has-medium-font-size\"><span style=\"color: #000000;\"><strong>\u2022 Gefl\u00fcgel<br \/>\u2022 Pferd<br \/>\u2022 Lamm<br \/>\u2022 Fisch<\/strong><\/span><\/p>\n<p>\u00a0<\/p>\n<p>\u00a0<\/p>\n<p>\u00a0<\/p>\n<p>\u00a0<\/p>\n<p>\u00a0<\/p>\n<p>\u00a0<\/p>\n<p>\u00a0<\/p>\n<p>\u00a0<\/p>\n<p>\u00a0<\/p>\n<p>\u00a0<\/p>\n<p>\u00a0<\/p>\n<p>\u00a0<\/p>\n<p>\u00a0<\/p>\n<p>\u00a0<\/p>\n<p>\u00a0<\/p>\n<p>\u00a0<\/p>\n<p>\u00a0<\/p>\n<p>\u00a0<\/p>\n<p>\u00a0<\/p>\n<p>\u00a0<\/p>\n<p>\u00a0<\/p>\n<p>\u00a0<\/p>\n<p>\u00a0<\/p>\n<p>\u00a0<\/p>\n<p>\u00a0<\/p>\n<p>\u00a0<\/p>\n<p>\u00a0<\/p>\n<p>\u00a0<\/p>\n<h1 style=\"text-align: center;\"><span style=\"color: #000000;\"><\/span><\/h1>\n<p class=\"has-text-align-center has-medium-font-size\"><span style=\"color: #000000;\">Alle Fleischsorten sind frisch oder tiefgefroren erh\u00e4ltlich und eignen sich ideal f\u00fcr die BARF-F\u00fctterung sowie f\u00fcr individuelle Futterpl\u00e4ne.<\/span><\/p>\n<h1 style=\"text-align: center;\"><span style=\"color: #000000;\"><\/span><\/h1>\n<div class=\"wp-block-spacer\" style=\"height: 63px;\" aria-hidden=\"true\">\u00a0<\/div>\n<h1 style=\"text-align: center;\"><span style=\"color: #000000;\"><\/span><\/h1>\n<h3 class=\"wp-block-heading has-text-align-center\" style=\"text-decoration: underline;\"><span style=\"color: #000000; text-decoration: underline;\">Vorteile<\/span><\/h3>\n<h1 style=\"text-align: center;\"><span style=\"color: #000000;\"><\/span><\/h1>\n<div class=\"wp-block-spacer\" style=\"height: 70px;\" aria-hidden=\"true\">\u00a0<\/div>\n<h1 style=\"text-align: center;\"><span style=\"color: #000000;\"><\/span><\/h1>\n<p class=\"has-text-align-center\" style=\"font-size: 21px;\"><span style=\"color: #000000;\"><strong>Frische Verarbeitung vor Ort<\/strong><\/span><br \/><span style=\"color: #000000;\">Die Verarbeitung erfolgen direkt bei uns \u2013 f\u00fcr maximale Frische und vollst\u00e4ndige Qualit\u00e4tskontrolle.<\/span><\/p>\n<h1 style=\"text-align: center;\"><span style=\"color: #000000;\"><\/span><\/h1>\n<div class=\"wp-block-spacer\" style=\"height: 65px;\" aria-hidden=\"true\">\u00a0<\/div>\n<h1 style=\"text-align: center;\"><span style=\"color: #000000;\"><\/span><\/h1>\n<p class=\"has-text-align-center has-medium-font-size\"><span style=\"color: #000000;\"><strong>Individuelle BARF-Zusammenstellung<\/strong><\/span><br \/><span style=\"color: #000000;\">Jede Mahlzeit wird exakt nach den Bed\u00fcrfnissen Ihres Tieres zusammengestellt.<\/span><\/p>\n<h1 style=\"text-align: center;\"><span style=\"color: #000000;\"><\/span><\/h1>\n<div class=\"wp-block-spacer\" style=\"height: 65px;\" aria-hidden=\"true\">\u00a0<\/div>\n<h1 style=\"text-align: center;\"><span style=\"color: #000000;\"><\/span><\/h1>\n<p class=\"has-text-align-center has-medium-font-size\"><span style=\"color: #000000;\"><strong>100 % nat\u00fcrliche Zutaten<\/strong><\/span><br \/><span style=\"color: #000000;\">Ohne Konservierungsstoffe, ohne k\u00fcnstliche Zus\u00e4tze, ohne unn\u00f6tige F\u00fcllstoffe.<\/span><\/p>\n<h1 style=\"text-align: center;\"><span style=\"color: #000000;\"><\/span><\/h1>\n<div class=\"wp-block-spacer\" style=\"height: 65px;\" aria-hidden=\"true\">\u00a0<\/div>\n<h1 style=\"text-align: center;\"><span style=\"color: #000000;\"><\/span><\/h1>\n<p class=\"has-text-align-center has-medium-font-size\"><span style=\"color: #000000;\"><strong>Artgerechte Ern\u00e4hrung<\/strong><\/span><br \/><span style=\"color: #000000;\">Unsere Zusammensetzungen orientieren sich an der nat\u00fcrlichen Ern\u00e4hrung Ihrer Tiere.<\/span><\/p>\n<h1 style=\"text-align: center;\"><span style=\"color: #000000;\"><\/span><\/h1>\n<div class=\"wp-block-spacer\" style=\"height: 65px;\" aria-hidden=\"true\">\u00a0<\/div>\n<h1 style=\"text-align: center;\"><span style=\"color: #000000;\"><\/span><\/h1>\n<p class=\"has-text-align-center has-medium-font-size\"><span style=\"color: #000000;\"><strong>Transparente Herkunft<\/strong><\/span><br \/><span style=\"color: #000000;\">Wir wissen, wo unsere Zutaten herkommen \u2013 und Sie auch.<\/span><\/p>\n<h1 style=\"text-align: center;\"><\/h1>\t\t\t\t\t\t\t\t<\/div>\n\t\t\t\t<div class=\"elementor-element elementor-element-2e7cbb66 elementor-align-center animated-slow elementor-invisible elementor-widget elementor-widget-button\" data-id=\"2e7cbb66\" data-element_type=\"widget\" data-e-type=\"widget\" data-settings=\"{&quot;_animation&quot;:&quot;swing&quot;,&quot;_animation_delay&quot;:0}\" data-widget_type=\"button.default\">\n\t\t\t\t\t\t\t\t\t\t<a class=\"elementor-button elementor-button-link elementor-size-sm elementor-animation-grow\" href=\"https:\/\/huvona.wenco.tech\/index.php\/kontakt\/\">\n\t\t\t\t\t\t<span class=\"elementor-button-content-wrapper\">\n\t\t\t\t\t\t\t\t\t<span class=\"elementor-button-text\">Kontakt ...<\/span>\n\t\t\t\t\t<\/span>\n\t\t\t\t\t<\/a>\n\t\t\t\t\t\t\t\t<\/div>\n\t\t\t\t<\/div>\n\t\t\t\t\t<\/div>\n\t\t\t\t<\/div>\n\t\t\t\t<\/div>\n\t\t","protected":false},"excerpt":{"rendered":"<p>Frische Tiernahrung \u2013 nat\u00fcrlich, individuell und artgerecht Wir stellen hochwertige Tiernahrung f\u00fcr Hunde frisch vor Ort her. Unsere Zutaten werden sorgf\u00e4ltig ausgew\u00e4hlt, direkt verarbeitet und ohne k\u00fcnstliche Zus\u00e4tze zubereitet. Besonders im Bereich BARF fertigen wir jede Mahlzeit individuell nach Kundenwunsch \u2013 exakt abgestimmt auf die Bed\u00fcrfnisse Ihres Tieres. \u00a0 \u00a0 \u00a0 \u00a0 \u00a0 \u00a0 \u00a0 [&hellip;]<\/p>\n","protected":false},"author":1,"featured_media":0,"parent":0,"menu_order":0,"comment_status":"closed","ping_status":"closed","template":"","meta":{"footnotes":""},"class_list":["post-300","page","type-page","status-publish","hentry"],"yoast_head":"<!-- This site is optimized with the Yoast SEO plugin v27.4 - https:\/\/yoast.com\/product\/yoast-seo-wordpress\/ -->\n<title>Frische Tiernahrung mit Konzept - Huvona Tierfutter Service<\/title>\n<meta name=\"robots\" content=\"index, follow, max-snippet:-1, max-image-preview:large, max-video-preview:-1\" \/>\n<link rel=\"canonical\" href=\"https:\/\/huvona.wenco.tech\/index.php\/frische-tiernahrung-mit-konzept\/\" \/>\n<meta property=\"og:locale\" content=\"de_DE\" \/>\n<meta property=\"og:type\" content=\"article\" \/>\n<meta property=\"og:title\" content=\"Frische Tiernahrung mit Konzept - Huvona Tierfutter Service\" \/>\n<meta property=\"og:description\" content=\"Frische Tiernahrung \u2013 nat\u00fcrlich, individuell und artgerecht Wir stellen hochwertige Tiernahrung f\u00fcr Hunde frisch vor Ort her. Unsere Zutaten werden sorgf\u00e4ltig ausgew\u00e4hlt, direkt verarbeitet und ohne k\u00fcnstliche Zus\u00e4tze zubereitet. Besonders im Bereich BARF fertigen wir jede Mahlzeit individuell nach Kundenwunsch \u2013 exakt abgestimmt auf die Bed\u00fcrfnisse Ihres Tieres. \u00a0 \u00a0 \u00a0 \u00a0 \u00a0 \u00a0 \u00a0 [&hellip;]\" \/>\n<meta property=\"og:url\" content=\"https:\/\/huvona.wenco.tech\/index.php\/frische-tiernahrung-mit-konzept\/\" \/>\n<meta property=\"og:site_name\" content=\"Huvona Tierfutter Service\" \/>\n<meta property=\"article:modified_time\" content=\"2026-03-25T10:58:08+00:00\" \/>\n<meta name=\"twitter:card\" content=\"summary_large_image\" \/>\n<meta name=\"twitter:label1\" content=\"Gesch\u00e4tzte Lesezeit\" \/>\n\t<meta name=\"twitter:data1\" content=\"1\u00a0Minute\" \/>\n<script type=\"application\/ld+json\" class=\"yoast-schema-graph\">{\"@context\":\"https:\\\/\\\/schema.org\",\"@graph\":[{\"@type\":\"WebPage\",\"@id\":\"https:\\\/\\\/huvona.wenco.tech\\\/index.php\\\/frische-tiernahrung-mit-konzept\\\/\",\"url\":\"https:\\\/\\\/huvona.wenco.tech\\\/index.php\\\/frische-tiernahrung-mit-konzept\\\/\",\"name\":\"Frische Tiernahrung mit Konzept - Huvona Tierfutter Service\",\"isPartOf\":{\"@id\":\"https:\\\/\\\/huvona.wenco.tech\\\/#website\"},\"datePublished\":\"2026-02-12T08:01:27+00:00\",\"dateModified\":\"2026-03-25T10:58:08+00:00\",\"breadcrumb\":{\"@id\":\"https:\\\/\\\/huvona.wenco.tech\\\/index.php\\\/frische-tiernahrung-mit-konzept\\\/#breadcrumb\"},\"inLanguage\":\"de\",\"potentialAction\":[{\"@type\":\"ReadAction\",\"target\":[\"https:\\\/\\\/huvona.wenco.tech\\\/index.php\\\/frische-tiernahrung-mit-konzept\\\/\"]}]},{\"@type\":\"BreadcrumbList\",\"@id\":\"https:\\\/\\\/huvona.wenco.tech\\\/index.php\\\/frische-tiernahrung-mit-konzept\\\/#breadcrumb\",\"itemListElement\":[{\"@type\":\"ListItem\",\"position\":1,\"name\":\"Start\",\"item\":\"https:\\\/\\\/huvona.wenco.tech\\\/\"},{\"@type\":\"ListItem\",\"position\":2,\"name\":\"Frische Tiernahrung mit Konzept\"}]},{\"@type\":\"WebSite\",\"@id\":\"https:\\\/\\\/huvona.wenco.tech\\\/#website\",\"url\":\"https:\\\/\\\/huvona.wenco.tech\\\/\",\"name\":\"Huvona Tierfutter Service\",\"description\":\"Die Manufaktur f\u00fcr Tiernahrung\",\"publisher\":{\"@id\":\"https:\\\/\\\/huvona.wenco.tech\\\/#organization\"},\"potentialAction\":[{\"@type\":\"SearchAction\",\"target\":{\"@type\":\"EntryPoint\",\"urlTemplate\":\"https:\\\/\\\/huvona.wenco.tech\\\/?s={search_term_string}\"},\"query-input\":{\"@type\":\"PropertyValueSpecification\",\"valueRequired\":true,\"valueName\":\"search_term_string\"}}],\"inLanguage\":\"de\"},{\"@type\":\"Organization\",\"@id\":\"https:\\\/\\\/huvona.wenco.tech\\\/#organization\",\"name\":\"Huvona Tierfutter Service\",\"url\":\"https:\\\/\\\/huvona.wenco.tech\\\/\",\"logo\":{\"@type\":\"ImageObject\",\"inLanguage\":\"de\",\"@id\":\"https:\\\/\\\/huvona.wenco.tech\\\/#\\\/schema\\\/logo\\\/image\\\/\",\"url\":\"https:\\\/\\\/huvona.wenco.tech\\\/wp-content\\\/uploads\\\/2026\\\/01\\\/cropped-cropped-cropped-cropped-7e83b2cd-222d-4d67-9bf6-40df4c32457b.jpg\",\"contentUrl\":\"https:\\\/\\\/huvona.wenco.tech\\\/wp-content\\\/uploads\\\/2026\\\/01\\\/cropped-cropped-cropped-cropped-7e83b2cd-222d-4d67-9bf6-40df4c32457b.jpg\",\"width\":512,\"height\":512,\"caption\":\"Huvona Tierfutter Service\"},\"image\":{\"@id\":\"https:\\\/\\\/huvona.wenco.tech\\\/#\\\/schema\\\/logo\\\/image\\\/\"}}]}<\/script>\n<!-- \/ Yoast SEO plugin. -->","yoast_head_json":{"title":"Frische Tiernahrung mit Konzept - Huvona Tierfutter Service","robots":{"index":"index","follow":"follow","max-snippet":"max-snippet:-1","max-image-preview":"max-image-preview:large","max-video-preview":"max-video-preview:-1"},"canonical":"https:\/\/huvona.wenco.tech\/index.php\/frische-tiernahrung-mit-konzept\/","og_locale":"de_DE","og_type":"article","og_title":"Frische Tiernahrung mit Konzept - Huvona Tierfutter Service","og_description":"Frische Tiernahrung \u2013 nat\u00fcrlich, individuell und artgerecht Wir stellen hochwertige Tiernahrung f\u00fcr Hunde frisch vor Ort her. Unsere Zutaten werden sorgf\u00e4ltig ausgew\u00e4hlt, direkt verarbeitet und ohne k\u00fcnstliche Zus\u00e4tze zubereitet. Besonders im Bereich BARF fertigen wir jede Mahlzeit individuell nach Kundenwunsch \u2013 exakt abgestimmt auf die Bed\u00fcrfnisse Ihres Tieres. \u00a0 \u00a0 \u00a0 \u00a0 \u00a0 \u00a0 \u00a0 [&hellip;]","og_url":"https:\/\/huvona.wenco.tech\/index.php\/frische-tiernahrung-mit-konzept\/","og_site_name":"Huvona Tierfutter Service","article_modified_time":"2026-03-25T10:58:08+00:00","twitter_card":"summary_large_image","twitter_misc":{"Gesch\u00e4tzte Lesezeit":"1\u00a0Minute"},"schema":{"@context":"https:\/\/schema.org","@graph":[{"@type":"WebPage","@id":"https:\/\/huvona.wenco.tech\/index.php\/frische-tiernahrung-mit-konzept\/","url":"https:\/\/huvona.wenco.tech\/index.php\/frische-tiernahrung-mit-konzept\/","name":"Frische Tiernahrung mit Konzept - Huvona Tierfutter Service","isPartOf":{"@id":"https:\/\/huvona.wenco.tech\/#website"},"datePublished":"2026-02-12T08:01:27+00:00","dateModified":"2026-03-25T10:58:08+00:00","breadcrumb":{"@id":"https:\/\/huvona.wenco.tech\/index.php\/frische-tiernahrung-mit-konzept\/#breadcrumb"},"inLanguage":"de","potentialAction":[{"@type":"ReadAction","target":["https:\/\/huvona.wenco.tech\/index.php\/frische-tiernahrung-mit-konzept\/"]}]},{"@type":"BreadcrumbList","@id":"https:\/\/huvona.wenco.tech\/index.php\/frische-tiernahrung-mit-konzept\/#breadcrumb","itemListElement":[{"@type":"ListItem","position":1,"name":"Start","item":"https:\/\/huvona.wenco.tech\/"},{"@type":"ListItem","position":2,"name":"Frische Tiernahrung mit Konzept"}]},{"@type":"WebSite","@id":"https:\/\/huvona.wenco.tech\/#website","url":"https:\/\/huvona.wenco.tech\/","name":"Huvona Tierfutter Service","description":"Die Manufaktur f\u00fcr Tiernahrung","publisher":{"@id":"https:\/\/huvona.wenco.tech\/#organization"},"potentialAction":[{"@type":"SearchAction","target":{"@type":"EntryPoint","urlTemplate":"https:\/\/huvona.wenco.tech\/?s={search_term_string}"},"query-input":{"@type":"PropertyValueSpecification","valueRequired":true,"valueName":"search_term_string"}}],"inLanguage":"de"},{"@type":"Organization","@id":"https:\/\/huvona.wenco.tech\/#organization","name":"Huvona Tierfutter Service","url":"https:\/\/huvona.wenco.tech\/","logo":{"@type":"ImageObject","inLanguage":"de","@id":"https:\/\/huvona.wenco.tech\/#\/schema\/logo\/image\/","url":"https:\/\/huvona.wenco.tech\/wp-content\/uploads\/2026\/01\/cropped-cropped-cropped-cropped-7e83b2cd-222d-4d67-9bf6-40df4c32457b.jpg","contentUrl":"https:\/\/huvona.wenco.tech\/wp-content\/uploads\/2026\/01\/cropped-cropped-cropped-cropped-7e83b2cd-222d-4d67-9bf6-40df4c32457b.jpg","width":512,"height":512,"caption":"Huvona Tierfutter Service"},"image":{"@id":"https:\/\/huvona.wenco.tech\/#\/schema\/logo\/image\/"}}]}},"_links":{"self":[{"href":"https:\/\/huvona.wenco.tech\/index.php\/wp-json\/wp\/v2\/pages\/300","targetHints":{"allow":["GET"]}}],"collection":[{"href":"https:\/\/huvona.wenco.tech\/index.php\/wp-json\/wp\/v2\/pages"}],"about":[{"href":"https:\/\/huvona.wenco.tech\/index.php\/wp-json\/wp\/v2\/types\/page"}],"author":[{"embeddable":true,"href":"https:\/\/huvona.wenco.tech\/index.php\/wp-json\/wp\/v2\/users\/1"}],"replies":[{"embeddable":true,"href":"https:\/\/huvona.wenco.tech\/index.php\/wp-json\/wp\/v2\/comments?post=300"}],"version-history":[{"count":15,"href":"https:\/\/huvona.wenco.tech\/index.php\/wp-json\/wp\/v2\/pages\/300\/revisions"}],"predecessor-version":[{"id":745,"href":"https:\/\/huvona.wenco.tech\/index.php\/wp-json\/wp\/v2\/pages\/300\/revisions\/745"}],"wp:attachment":[{"href":"https:\/\/huvona.wenco.tech\/index.php\/wp-json\/wp\/v2\/media?parent=300"}],"curies":[{"name":"wp","href":"https:\/\/api.w.org\/{rel}","templated":true}]}}