{"id":303,"date":"2026-02-12T09:18:06","date_gmt":"2026-02-12T08:18:06","guid":{"rendered":"https:\/\/huvona.wenco.tech\/?page_id=303"},"modified":"2026-02-26T10:47:40","modified_gmt":"2026-02-26T09:47:40","slug":"unsere-produkte-leistungen","status":"publish","type":"page","link":"https:\/\/huvona.wenco.tech\/index.php\/unsere-produkte-leistungen\/","title":{"rendered":"Unsere Produkte \/ Leistungen"},"content":{"rendered":"\t\t<div data-elementor-type=\"wp-page\" data-elementor-id=\"303\" class=\"elementor elementor-303\">\n\t\t\t\t<div class=\"elementor-element elementor-element-24df07f4 e-flex e-con-boxed e-con e-parent\" data-id=\"24df07f4\" data-element_type=\"container\" data-e-type=\"container\" id=\"services\" data-settings=\"{&quot;background_background&quot;:&quot;classic&quot;}\">\n\t\t\t\t\t<div class=\"e-con-inner\">\n\t\t<div class=\"elementor-element elementor-element-6128d950 e-con-full e-flex e-con e-child\" data-id=\"6128d950\" data-element_type=\"container\" data-e-type=\"container\" data-settings=\"{&quot;background_background&quot;:&quot;gradient&quot;}\">\n\t\t\t\t<div class=\"elementor-element elementor-element-7d2604b5 elementor-widget elementor-widget-text-editor\" data-id=\"7d2604b5\" data-element_type=\"widget\" data-e-type=\"widget\" data-widget_type=\"text-editor.default\">\n\t\t\t\t\t\t\t\t\t<h1 style=\"text-align: center;\"><\/h1>\n<p class=\"has-text-align-center has-large-font-size\" style=\"text-decoration: underline;\"><span style=\"color: #000000; text-decoration: underline;\"><strong>Individuelle Tiernahrung \u2013 genau passend f\u00fcr Ihr Tier<\/strong><\/span><\/p>\n<h1 style=\"text-align: center;\"><span style=\"color: #000000;\"><\/span><\/h1>\n<div class=\"wp-block-spacer\" style=\"height: 3px;\" aria-hidden=\"true\">\u00a0<\/div>\n<div aria-hidden=\"true\">\u00a0<\/div>\n<div aria-hidden=\"true\">\u00a0<\/div>\n<div aria-hidden=\"true\">\u00a0<\/div>\n<div aria-hidden=\"true\">\u00a0<\/div>\n<div aria-hidden=\"true\">\u00a0<\/div>\n<div aria-hidden=\"true\">\u00a0<\/div>\n<div aria-hidden=\"true\">\u00a0<\/div>\n<div aria-hidden=\"true\">\u00a0<\/div>\n<div aria-hidden=\"true\">\u00a0<\/div>\n<div aria-hidden=\"true\">\u00a0<\/div>\n<div aria-hidden=\"true\">\u00a0<\/div>\n<div aria-hidden=\"true\">\u00a0<\/div>\n<div aria-hidden=\"true\">\u00a0<\/div>\n<div aria-hidden=\"true\">\u00a0<\/div>\n<div aria-hidden=\"true\">\u00a0<\/div>\n<div aria-hidden=\"true\">\u00a0<\/div>\n<div aria-hidden=\"true\">\u00a0<\/div>\n<div aria-hidden=\"true\">\u00a0<\/div>\n<div aria-hidden=\"true\">\u00a0<\/div>\n<div aria-hidden=\"true\">\u00a0<\/div>\n<div aria-hidden=\"true\">\u00a0<\/div>\n<div aria-hidden=\"true\">\u00a0<\/div>\n<div aria-hidden=\"true\">\u00a0<\/div>\n<div aria-hidden=\"true\">\u00a0<\/div>\n<div aria-hidden=\"true\">\u00a0<\/div>\n<div aria-hidden=\"true\">\u00a0<\/div>\n<div aria-hidden=\"true\">\u00a0<\/div>\n<div aria-hidden=\"true\">\u00a0<\/div>\n<div aria-hidden=\"true\">\u00a0<\/div>\n<div aria-hidden=\"true\">\u00a0<\/div>\n<div aria-hidden=\"true\">\u00a0<\/div>\n<div aria-hidden=\"true\">\u00a0<\/div>\n<div aria-hidden=\"true\">\u00a0<\/div>\n<div aria-hidden=\"true\">\u00a0<\/div>\n<div aria-hidden=\"true\">\u00a0<\/div>\n<h1 style=\"text-align: center;\"><span style=\"color: #000000;\"><\/span><\/h1>\n<p class=\"has-text-align-center\" style=\"font-size: 24px;\"><span style=\"color: #000000;\"><strong>Ob ma\u00dfgeschneiderte BARF-Mahlzeiten oder frische Komplettmen\u00fcs \u2013 bei uns erhalten Sie hochwertige Tiernahrung, die exakt auf die Bed\u00fcrfnisse Ihres Tieres abgestimmt ist.<\/strong><\/span><\/p>\n<h1 style=\"text-align: center;\"><span style=\"color: #000000;\"><\/span><\/h1>\n<div class=\"wp-block-spacer\" style=\"height: 45px;\" aria-hidden=\"true\">\u00a0<\/div>\n<h1 style=\"text-align: center;\"><span style=\"color: #000000;\"><\/span><\/h1>\n<h2 class=\"wp-block-heading has-text-align-center\" style=\"font-size: 30px; text-decoration: underline;\"><span style=\"color: #000000; text-decoration: underline;\"><strong>Angebots\u00fcbersicht<\/strong><\/span><\/h2>\n<h1 style=\"text-align: center;\"><span style=\"color: #000000;\"><\/span><\/h1>\n<p>\u00a0<\/p>\n<h1 style=\"text-align: center;\"><span style=\"color: #000000;\"><\/span><\/h1>\n<p class=\"has-text-align-center\" style=\"font-size: 21px;\"><br \/><span style=\"color: #000000;\"><strong>BARF nach Ma\u00df <\/strong><\/span><br \/><span style=\"color: #000000;\">Individuelle Zusammenstellung nach Gewicht, Alter, Aktivit\u00e4t und Vertr\u00e4glichkeit.<\/span><\/p>\n<h1 style=\"text-align: center;\"><span style=\"color: #000000;\"><\/span><\/h1>\n<div class=\"wp-block-spacer\" style=\"height: 55px;\" aria-hidden=\"true\">\u00a0<\/div>\n<h1 style=\"text-align: center;\"><span style=\"color: #000000;\"><\/span><\/h1>\n<p class=\"has-text-align-center\" style=\"font-size: 21px;\"><span style=\"color: #000000;\"><strong>Komplettmen\u00fcs<\/strong><\/span><br \/><span style=\"color: #000000;\">Ausgewogene Mahlzeiten \u2013 sofort servierbereit.<\/span><\/p>\n<h1 style=\"text-align: center;\"><span style=\"color: #000000;\"><\/span><\/h1>\n<div class=\"wp-block-spacer\" style=\"height: 55px;\" aria-hidden=\"true\">\u00a0<\/div>\n<h1 style=\"text-align: center;\"><span style=\"color: #000000;\"><\/span><\/h1>\n<p class=\"has-text-align-center\" style=\"font-size: 21px;\"><span style=\"color: #000000;\"><strong>Einzelkomponenten<\/strong><\/span><br \/><span style=\"color: #000000;\">Fleisch, Knochen, Innereien und Erg\u00e4nzungen flexibel kombinierbar.<\/span><\/p>\n<h1 style=\"text-align: center;\"><span style=\"color: #000000;\"><\/span><\/h1>\n<p class=\"has-text-align-center\" style=\"font-size: 21px;\">\u00a0<\/p>\n<h1 style=\"text-align: center;\"><span style=\"color: #000000;\"><\/span><\/h1>\n<p class=\"has-text-align-center\" style=\"font-size: 21px;\">\u00a0<\/p>\n<h1 style=\"text-align: center;\"><span style=\"color: #000000;\"><\/span><\/h1>\n<div class=\"wp-block-spacer\" style=\"height: 55px;\" aria-hidden=\"true\">\u00a0<\/div>\n<h1 style=\"text-align: center;\"><span style=\"color: #000000;\"><\/span><\/h1>\n<p class=\"has-text-align-center\" style=\"font-size: 21px;\"><span style=\"color: #000000;\"><strong>Spezialanfertigungen<\/strong><\/span><br \/><span style=\"color: #000000;\">Ern\u00e4hrung bei Allergien, Unvertr\u00e4glichkeiten oder besonderen Anforderungen.<\/span><\/p>\n<h1 style=\"text-align: center;\"><span style=\"color: #000000;\"><\/span><\/h1>\n<div class=\"wp-block-spacer\" style=\"height: 55px;\" aria-hidden=\"true\">\u00a0<\/div>\n<h1 style=\"text-align: center;\"><span style=\"color: #000000;\"><\/span><\/h1>\n<p class=\"has-text-align-center\" style=\"font-size: 21px;\"><span style=\"color: #000000;\"><strong>Sie bestimmen die Zusammensetzung \u2013 wir k\u00fcmmern uns um die frische und fachgerechte Umsetzung.<\/strong><\/span><\/p>\n<h1 style=\"text-align: center;\"><span style=\"color: #000000;\"><\/span><\/h1>\n<div class=\"wp-block-spacer\" style=\"height: 59px;\" aria-hidden=\"true\">\u00a0<\/div>\n<h1 style=\"text-align: center;\"><span style=\"color: #000000;\"><\/span><\/h1>\n<p class=\"has-text-align-center\">\u00a0<\/p>\n<h1 style=\"text-align: center;\"><span style=\"color: #000000;\"><\/span><\/h1>\n<h2 class=\"wp-block-heading has-text-align-center\" style=\"font-size: 30px; text-decoration: underline;\"><span style=\"color: #000000; text-decoration: underline;\">\ud83c\udf7d Trockenfutter &amp; Dosenfutter<\/span><\/h2>\n<h1 style=\"text-align: center;\"><span style=\"color: #000000;\"><\/span><\/h1>\n<div class=\"wp-block-spacer\" style=\"height: 53px;\" aria-hidden=\"true\">\u00a0<\/div>\n<h1 style=\"text-align: center;\"><span style=\"color: #000000;\"><\/span><\/h1>\n<p class=\"has-text-align-center\" style=\"font-size: 21px;\"><span style=\"color: #000000;\">Nicht jeder Hund wird ausschlie\u00dflich gebarft \u2013 deshalb f\u00fchren wir auch:<\/span><br \/><span style=\"color: #000000;\">\u2022 hochwertiges Trockenfutter<\/span><br \/><span style=\"color: #000000;\">\u2022 ausgew\u00e4hltes Dosenfutter<\/span><\/p>\n<h1 style=\"text-align: center;\"><span style=\"color: #000000;\"><\/span><\/h1>\n<p class=\"has-text-align-center\" style=\"font-size: 21px;\"><span style=\"color: #000000;\">Beides eignet sich als:<\/span><\/p>\n<h1 style=\"text-align: center;\"><span style=\"color: #000000;\"><\/span><\/h1>\n<p class=\"has-text-align-center\" style=\"font-size: 21px;\"><br \/><span style=\"color: #000000;\">\u2022 Alternative zu BARF<\/span><br \/><span style=\"color: #000000;\">\u2022 Erg\u00e4nzung<\/span><br \/><span style=\"color: #000000;\">\u2022 oder \u00dcbergangsl\u00f6sung f\u00fcr BARF-Anf\u00e4nger<\/span><\/p>\n<h1 style=\"text-align: center;\"><span style=\"color: #000000;\"><\/span><\/h1>\n<div class=\"wp-block-spacer\" style=\"height: 51px;\" aria-hidden=\"true\">\u00a0<\/div>\n<h1 style=\"text-align: center;\"><span style=\"color: #000000;\"><\/span><\/h1>\n<p class=\"has-text-align-center\" style=\"font-size: 21px;\"><span style=\"color: #000000;\"><strong>Wir beraten Sie gerne bei der Auswahl.<\/strong><\/span><\/p>\n<h1 style=\"text-align: center;\"><span style=\"color: #000000;\"><\/span><\/h1>\n<p style=\"font-size: 21px;\">\u00a0<\/p>\n<h1 style=\"text-align: center;\"><span style=\"color: #000000;\"><\/span><\/h1>\n<p>\u00a0<\/p>\n<h1 style=\"text-align: center;\"><span style=\"color: #000000;\"><\/span><\/h1>\t\t\t\t\t\t\t\t<\/div>\n\t\t\t\t<div class=\"elementor-element elementor-element-6a20b00c elementor-align-center animated-slow elementor-invisible elementor-widget elementor-widget-button\" data-id=\"6a20b00c\" data-element_type=\"widget\" data-e-type=\"widget\" data-settings=\"{&quot;_animation&quot;:&quot;swing&quot;,&quot;_animation_delay&quot;:0}\" data-widget_type=\"button.default\">\n\t\t\t\t\t\t\t\t\t\t<a class=\"elementor-button elementor-button-link elementor-size-sm elementor-animation-grow\" href=\"https:\/\/huvona.wenco.tech\/index.php\/kontakt\/\">\n\t\t\t\t\t\t<span class=\"elementor-button-content-wrapper\">\n\t\t\t\t\t\t\t\t\t<span class=\"elementor-button-text\">Kontakt ...<\/span>\n\t\t\t\t\t<\/span>\n\t\t\t\t\t<\/a>\n\t\t\t\t\t\t\t\t<\/div>\n\t\t\t\t<\/div>\n\t\t\t\t\t<\/div>\n\t\t\t\t<\/div>\n\t\t\t\t<\/div>\n\t\t","protected":false},"excerpt":{"rendered":"<p>Individuelle Tiernahrung \u2013 genau passend f\u00fcr Ihr Tier Ob ma\u00dfgeschneiderte BARF-Mahlzeiten oder frische Komplettmen\u00fcs \u2013 bei uns erhalten Sie hochwertige Tiernahrung, die exakt auf die Bed\u00fcrfnisse Ihres Tieres abgestimmt ist. Angebots\u00fcbersicht \u00a0 BARF nach Ma\u00df Individuelle Zusammenstellung nach Gewicht, Alter, Aktivit\u00e4t und Vertr\u00e4glichkeit. Komplettmen\u00fcsAusgewogene Mahlzeiten \u2013 sofort servierbereit. EinzelkomponentenFleisch, Knochen, Innereien und Erg\u00e4nzungen flexibel kombinierbar. [&hellip;]<\/p>\n","protected":false},"author":1,"featured_media":0,"parent":0,"menu_order":0,"comment_status":"closed","ping_status":"closed","template":"","meta":{"footnotes":""},"class_list":["post-303","page","type-page","status-publish","hentry"],"yoast_head":"<!-- This site is optimized with the Yoast SEO plugin v27.4 - https:\/\/yoast.com\/product\/yoast-seo-wordpress\/ -->\n<title>Unsere Produkte \/ Leistungen - Huvona Tierfutter Service<\/title>\n<meta name=\"robots\" content=\"index, follow, max-snippet:-1, max-image-preview:large, max-video-preview:-1\" \/>\n<link rel=\"canonical\" href=\"https:\/\/huvona.wenco.tech\/index.php\/unsere-produkte-leistungen\/\" \/>\n<meta property=\"og:locale\" content=\"de_DE\" \/>\n<meta property=\"og:type\" content=\"article\" \/>\n<meta property=\"og:title\" content=\"Unsere Produkte \/ Leistungen - Huvona Tierfutter Service\" \/>\n<meta property=\"og:description\" content=\"Individuelle Tiernahrung \u2013 genau passend f\u00fcr Ihr Tier Ob ma\u00dfgeschneiderte BARF-Mahlzeiten oder frische Komplettmen\u00fcs \u2013 bei uns erhalten Sie hochwertige Tiernahrung, die exakt auf die Bed\u00fcrfnisse Ihres Tieres abgestimmt ist. Angebots\u00fcbersicht \u00a0 BARF nach Ma\u00df Individuelle Zusammenstellung nach Gewicht, Alter, Aktivit\u00e4t und Vertr\u00e4glichkeit. Komplettmen\u00fcsAusgewogene Mahlzeiten \u2013 sofort servierbereit. EinzelkomponentenFleisch, Knochen, Innereien und Erg\u00e4nzungen flexibel kombinierbar. [&hellip;]\" \/>\n<meta property=\"og:url\" content=\"https:\/\/huvona.wenco.tech\/index.php\/unsere-produkte-leistungen\/\" \/>\n<meta property=\"og:site_name\" content=\"Huvona Tierfutter Service\" \/>\n<meta property=\"article:modified_time\" content=\"2026-02-26T09:47:40+00:00\" \/>\n<meta name=\"twitter:card\" content=\"summary_large_image\" \/>\n<script type=\"application\/ld+json\" class=\"yoast-schema-graph\">{\"@context\":\"https:\\\/\\\/schema.org\",\"@graph\":[{\"@type\":\"WebPage\",\"@id\":\"https:\\\/\\\/huvona.wenco.tech\\\/index.php\\\/unsere-produkte-leistungen\\\/\",\"url\":\"https:\\\/\\\/huvona.wenco.tech\\\/index.php\\\/unsere-produkte-leistungen\\\/\",\"name\":\"Unsere Produkte \\\/ Leistungen - Huvona Tierfutter Service\",\"isPartOf\":{\"@id\":\"https:\\\/\\\/huvona.wenco.tech\\\/#website\"},\"datePublished\":\"2026-02-12T08:18:06+00:00\",\"dateModified\":\"2026-02-26T09:47:40+00:00\",\"breadcrumb\":{\"@id\":\"https:\\\/\\\/huvona.wenco.tech\\\/index.php\\\/unsere-produkte-leistungen\\\/#breadcrumb\"},\"inLanguage\":\"de\",\"potentialAction\":[{\"@type\":\"ReadAction\",\"target\":[\"https:\\\/\\\/huvona.wenco.tech\\\/index.php\\\/unsere-produkte-leistungen\\\/\"]}]},{\"@type\":\"BreadcrumbList\",\"@id\":\"https:\\\/\\\/huvona.wenco.tech\\\/index.php\\\/unsere-produkte-leistungen\\\/#breadcrumb\",\"itemListElement\":[{\"@type\":\"ListItem\",\"position\":1,\"name\":\"Start\",\"item\":\"https:\\\/\\\/huvona.wenco.tech\\\/\"},{\"@type\":\"ListItem\",\"position\":2,\"name\":\"Unsere Produkte \\\/ Leistungen\"}]},{\"@type\":\"WebSite\",\"@id\":\"https:\\\/\\\/huvona.wenco.tech\\\/#website\",\"url\":\"https:\\\/\\\/huvona.wenco.tech\\\/\",\"name\":\"Huvona Tierfutter Service\",\"description\":\"Die Manufaktur f\u00fcr Tiernahrung\",\"publisher\":{\"@id\":\"https:\\\/\\\/huvona.wenco.tech\\\/#organization\"},\"potentialAction\":[{\"@type\":\"SearchAction\",\"target\":{\"@type\":\"EntryPoint\",\"urlTemplate\":\"https:\\\/\\\/huvona.wenco.tech\\\/?s={search_term_string}\"},\"query-input\":{\"@type\":\"PropertyValueSpecification\",\"valueRequired\":true,\"valueName\":\"search_term_string\"}}],\"inLanguage\":\"de\"},{\"@type\":\"Organization\",\"@id\":\"https:\\\/\\\/huvona.wenco.tech\\\/#organization\",\"name\":\"Huvona Tierfutter Service\",\"url\":\"https:\\\/\\\/huvona.wenco.tech\\\/\",\"logo\":{\"@type\":\"ImageObject\",\"inLanguage\":\"de\",\"@id\":\"https:\\\/\\\/huvona.wenco.tech\\\/#\\\/schema\\\/logo\\\/image\\\/\",\"url\":\"https:\\\/\\\/huvona.wenco.tech\\\/wp-content\\\/uploads\\\/2026\\\/01\\\/cropped-cropped-cropped-cropped-7e83b2cd-222d-4d67-9bf6-40df4c32457b.jpg\",\"contentUrl\":\"https:\\\/\\\/huvona.wenco.tech\\\/wp-content\\\/uploads\\\/2026\\\/01\\\/cropped-cropped-cropped-cropped-7e83b2cd-222d-4d67-9bf6-40df4c32457b.jpg\",\"width\":512,\"height\":512,\"caption\":\"Huvona Tierfutter Service\"},\"image\":{\"@id\":\"https:\\\/\\\/huvona.wenco.tech\\\/#\\\/schema\\\/logo\\\/image\\\/\"}}]}<\/script>\n<!-- \/ Yoast SEO plugin. -->","yoast_head_json":{"title":"Unsere Produkte \/ Leistungen - Huvona Tierfutter Service","robots":{"index":"index","follow":"follow","max-snippet":"max-snippet:-1","max-image-preview":"max-image-preview:large","max-video-preview":"max-video-preview:-1"},"canonical":"https:\/\/huvona.wenco.tech\/index.php\/unsere-produkte-leistungen\/","og_locale":"de_DE","og_type":"article","og_title":"Unsere Produkte \/ Leistungen - Huvona Tierfutter Service","og_description":"Individuelle Tiernahrung \u2013 genau passend f\u00fcr Ihr Tier Ob ma\u00dfgeschneiderte BARF-Mahlzeiten oder frische Komplettmen\u00fcs \u2013 bei uns erhalten Sie hochwertige Tiernahrung, die exakt auf die Bed\u00fcrfnisse Ihres Tieres abgestimmt ist. Angebots\u00fcbersicht \u00a0 BARF nach Ma\u00df Individuelle Zusammenstellung nach Gewicht, Alter, Aktivit\u00e4t und Vertr\u00e4glichkeit. Komplettmen\u00fcsAusgewogene Mahlzeiten \u2013 sofort servierbereit. EinzelkomponentenFleisch, Knochen, Innereien und Erg\u00e4nzungen flexibel kombinierbar. [&hellip;]","og_url":"https:\/\/huvona.wenco.tech\/index.php\/unsere-produkte-leistungen\/","og_site_name":"Huvona Tierfutter Service","article_modified_time":"2026-02-26T09:47:40+00:00","twitter_card":"summary_large_image","schema":{"@context":"https:\/\/schema.org","@graph":[{"@type":"WebPage","@id":"https:\/\/huvona.wenco.tech\/index.php\/unsere-produkte-leistungen\/","url":"https:\/\/huvona.wenco.tech\/index.php\/unsere-produkte-leistungen\/","name":"Unsere Produkte \/ Leistungen - Huvona Tierfutter Service","isPartOf":{"@id":"https:\/\/huvona.wenco.tech\/#website"},"datePublished":"2026-02-12T08:18:06+00:00","dateModified":"2026-02-26T09:47:40+00:00","breadcrumb":{"@id":"https:\/\/huvona.wenco.tech\/index.php\/unsere-produkte-leistungen\/#breadcrumb"},"inLanguage":"de","potentialAction":[{"@type":"ReadAction","target":["https:\/\/huvona.wenco.tech\/index.php\/unsere-produkte-leistungen\/"]}]},{"@type":"BreadcrumbList","@id":"https:\/\/huvona.wenco.tech\/index.php\/unsere-produkte-leistungen\/#breadcrumb","itemListElement":[{"@type":"ListItem","position":1,"name":"Start","item":"https:\/\/huvona.wenco.tech\/"},{"@type":"ListItem","position":2,"name":"Unsere Produkte \/ Leistungen"}]},{"@type":"WebSite","@id":"https:\/\/huvona.wenco.tech\/#website","url":"https:\/\/huvona.wenco.tech\/","name":"Huvona Tierfutter Service","description":"Die Manufaktur f\u00fcr Tiernahrung","publisher":{"@id":"https:\/\/huvona.wenco.tech\/#organization"},"potentialAction":[{"@type":"SearchAction","target":{"@type":"EntryPoint","urlTemplate":"https:\/\/huvona.wenco.tech\/?s={search_term_string}"},"query-input":{"@type":"PropertyValueSpecification","valueRequired":true,"valueName":"search_term_string"}}],"inLanguage":"de"},{"@type":"Organization","@id":"https:\/\/huvona.wenco.tech\/#organization","name":"Huvona Tierfutter Service","url":"https:\/\/huvona.wenco.tech\/","logo":{"@type":"ImageObject","inLanguage":"de","@id":"https:\/\/huvona.wenco.tech\/#\/schema\/logo\/image\/","url":"https:\/\/huvona.wenco.tech\/wp-content\/uploads\/2026\/01\/cropped-cropped-cropped-cropped-7e83b2cd-222d-4d67-9bf6-40df4c32457b.jpg","contentUrl":"https:\/\/huvona.wenco.tech\/wp-content\/uploads\/2026\/01\/cropped-cropped-cropped-cropped-7e83b2cd-222d-4d67-9bf6-40df4c32457b.jpg","width":512,"height":512,"caption":"Huvona Tierfutter Service"},"image":{"@id":"https:\/\/huvona.wenco.tech\/#\/schema\/logo\/image\/"}}]}},"_links":{"self":[{"href":"https:\/\/huvona.wenco.tech\/index.php\/wp-json\/wp\/v2\/pages\/303","targetHints":{"allow":["GET"]}}],"collection":[{"href":"https:\/\/huvona.wenco.tech\/index.php\/wp-json\/wp\/v2\/pages"}],"about":[{"href":"https:\/\/huvona.wenco.tech\/index.php\/wp-json\/wp\/v2\/types\/page"}],"author":[{"embeddable":true,"href":"https:\/\/huvona.wenco.tech\/index.php\/wp-json\/wp\/v2\/users\/1"}],"replies":[{"embeddable":true,"href":"https:\/\/huvona.wenco.tech\/index.php\/wp-json\/wp\/v2\/comments?post=303"}],"version-history":[{"count":11,"href":"https:\/\/huvona.wenco.tech\/index.php\/wp-json\/wp\/v2\/pages\/303\/revisions"}],"predecessor-version":[{"id":529,"href":"https:\/\/huvona.wenco.tech\/index.php\/wp-json\/wp\/v2\/pages\/303\/revisions\/529"}],"wp:attachment":[{"href":"https:\/\/huvona.wenco.tech\/index.php\/wp-json\/wp\/v2\/media?parent=303"}],"curies":[{"name":"wp","href":"https:\/\/api.w.org\/{rel}","templated":true}]}}