{"id":311,"date":"2026-02-12T09:51:20","date_gmt":"2026-02-12T08:51:20","guid":{"rendered":"https:\/\/huvona.wenco.tech\/?page_id=311"},"modified":"2026-03-27T08:51:24","modified_gmt":"2026-03-27T07:51:24","slug":"kundensupport-beratung","status":"publish","type":"page","link":"https:\/\/huvona.wenco.tech\/index.php\/kundensupport-beratung\/","title":{"rendered":"Kundensupport &amp; Beratung"},"content":{"rendered":"\t\t<div data-elementor-type=\"wp-page\" data-elementor-id=\"311\" class=\"elementor elementor-311\">\n\t\t\t\t<div class=\"elementor-element elementor-element-y6renu0 e-flex e-con-boxed e-con e-parent\" data-id=\"y6renu0\" data-element_type=\"container\" data-e-type=\"container\" id=\"services\" data-settings=\"{&quot;background_background&quot;:&quot;classic&quot;}\">\n\t\t\t\t\t<div class=\"e-con-inner\">\n\t\t<div class=\"elementor-element elementor-element-aef5568 e-con-full e-flex e-con e-child\" data-id=\"aef5568\" data-element_type=\"container\" data-e-type=\"container\" data-settings=\"{&quot;background_background&quot;:&quot;gradient&quot;}\">\n\t\t\t\t<div class=\"elementor-element elementor-element-f357cf2 elementor-widget elementor-widget-text-editor\" data-id=\"f357cf2\" data-element_type=\"widget\" data-e-type=\"widget\" data-widget_type=\"text-editor.default\">\n\t\t\t\t\t\t\t\t\t<h2 style=\"text-align: center;\"><span style=\"text-decoration: underline; color: #000000;\">Pers\u00f6nliche Beratung f\u00fcr die optimale Ern\u00e4hrung Ihres Tieres<\/span><\/h2>\n<p>\u00a0<\/p>\n<p>\u00a0<\/p>\n<p>\u00a0<\/p>\n<p>\u00a0<\/p>\n<p>\u00a0<\/p>\n<p>\u00a0<\/p>\n<p>\u00a0<\/p>\n<p>\u00a0<\/p>\n<p>\u00a0<\/p>\n<p>\u00a0<\/p>\n<p>\u00a0<\/p>\n<p>\u00a0<\/p>\n<p>\u00a0<\/p>\n<p>\u00a0<\/p>\n<p>\u00a0<\/p>\n<p>\u00a0<\/p>\n<p>\u00a0<\/p>\n<p>\u00a0<\/p>\n<p>\u00a0<\/p>\n<p>\u00a0<\/p>\n<p>\u00a0<\/p>\n<p>\u00a0<\/p>\n<p>\u00a0<\/p>\n<p>\u00a0<\/p>\n<p>\u00a0<\/p>\n<p>\u00a0<\/p>\n<p>\u00a0<\/p>\n<p>\u00a0<\/p>\n<p>\u00a0<\/p>\n<p>\u00a0<\/p>\n<p>\u00a0<\/p>\n<p>\u00a0<\/p>\n<p>\u00a0<\/p>\n<p>\u00a0<\/p>\n<p>\u00a0<\/p>\n<p>\u00a0<\/p>\n<p>\u00a0<\/p>\n<p>\u00a0<\/p>\n<p>\u00a0<\/p>\n<p>\u00a0<\/p>\n<p>\u00a0<\/p>\n<p>\u00a0<\/p>\n<p>\u00a0<\/p>\n<p>\u00a0<\/p>\n<p>\u00a0<\/p>\n<p>\u00a0<\/p>\n<p>\u00a0<\/p>\n<p>\u00a0<\/p>\n<p>\u00a0<\/p>\n<p>\u00a0<\/p>\n<p>\u00a0<\/p>\n<p>\u00a0<\/p>\n<p>\u00a0<\/p>\n<p>\u00a0<\/p>\n<p>\u00a0<\/p>\n<p>\u00a0<\/p>\n<p>\u00a0<\/p>\n<p>\u00a0<\/p>\n<p>\u00a0<\/p>\n<p>\u00a0<\/p>\n<p>\u00a0<\/p>\n<p>\u00a0<\/p>\n<p>\u00a0<\/p>\n<p>\u00a0<\/p>\n<p>\u00a0<\/p>\n<p>\u00a0<\/p>\n<p>\u00a0<\/p>\n<p>\u00a0<\/p>\n<p>\u00a0<\/p>\n<p>\u00a0<\/p>\n<p>\u00a0<\/p>\n<p>\u00a0<\/p>\n<div>\n<h2 class=\"wp-block-heading has-text-align-center\" style=\"font-size: 30px; text-decoration: underline;\"><span style=\"color: #000000; text-decoration: underline;\"><strong>Individuelle Ern\u00e4hrungsberatung<\/strong><\/span><\/h2>\n<h4><span style=\"color: #000000;\"><strong><span style=\"text-decoration: underline;\">Antworten auf alle fragen<\/span><\/strong><\/span><\/h4>\n<p>\u00a0<\/p>\n<p>\u00a0<\/p>\n<p>\u00a0<\/p>\n<p>\u00a0<\/p>\n<p>\u00a0<\/p>\n<p>\u00a0<\/p>\n<p>\u00a0<\/p>\n<p>\u00a0<\/p>\n<p>\u00a0<\/p>\n<p>\u00a0<\/p>\n<p>\u00a0<\/p>\n<p>\u00a0<\/p>\n<p>\u00a0<\/p>\n<p>\u00a0<\/p>\n<p>\u00a0<\/p>\n<p>\u00a0<\/p>\n<p>\u00a0<\/p>\n<p>\u00a0<\/p>\n<p>\u00a0<\/p>\n<p>\u00a0<\/p>\n<p>\u00a0<\/p>\n<p>\u00a0<\/p>\n<p>\u00a0<\/p>\n<p>\u00a0<\/p>\n<p>\u00a0<\/p>\n<p>\u00a0<\/p>\n<p>\u00a0<\/p>\n<p>\u00a0<\/p>\n<p>\u00a0<\/p>\n<p>\u00a0<\/p>\n<p>\u00a0<\/p>\n<p>\u00a0<\/p>\n<h5 style=\"text-align: center;\"><span style=\"color: #000000;\">Wir helfen bei der optimalen Zusammenstellung der Nahrung.\u00a0<\/span><\/h5>\n<h5 style=\"text-align: center;\"><span style=\"color: #000000;\">Kompetent, pers\u00f6nlich und verst\u00e4ndlich.<\/span><\/h5>\n<\/div>\n<div>\u00a0<\/div>\n<div>\u00a0<\/div>\n<div>\u00a0<\/div>\n<div>\u00a0<\/div>\n<div>\u00a0<\/div>\n<div>\u00a0<\/div>\n<div>\u00a0<\/div>\n<div>\u00a0<\/div>\n<div>\u00a0<\/div>\n<div>\u00a0<\/div>\n<div>\u00a0<\/div>\n<div>\u00a0<\/div>\n<div>\u00a0<\/div>\n<div>\u00a0<\/div>\n<div>\u00a0<\/div>\n<div>\u00a0<\/div>\n<div>\u00a0<\/div>\n<div>\u00a0<\/div>\n<div>\u00a0<\/div>\n<div>\u00a0<\/div>\n<div>\u00a0<\/div>\n<div>\u00a0<\/div>\n<div>\u00a0<\/div>\n<div>\u00a0<\/div>\n<div>\u00a0<\/div>\n<div>\u00a0<\/div>\n<div>\u00a0<\/div>\n<div>\u00a0<\/div>\n<div>\u00a0<\/div>\n<div>\u00a0<\/div>\n<div>\u00a0<\/div>\n<div>\u00a0<\/div>\n<div>\u00a0<\/div>\n<div>\u00a0<\/div>\n<div>\u00a0<\/div>\n<div>\u00a0<\/div>\n<div>\u00a0<\/div>\n<div>\u00a0<\/div>\n<div>\u00a0<\/div>\n<div>\u00a0<\/div>\n<div>\u00a0<\/div>\n<div>\u00a0<\/div>\n<div>\u00a0<\/div>\n<div>\u00a0<\/div>\n<div>\u00a0<\/div>\n<div>\u00a0<\/div>\n<div>\u00a0<\/div>\n<div>\u00a0<\/div>\n<div>\u00a0<\/div>\n<div>\u00a0<\/div>\n<div>\u00a0<\/div>\n<div>\u00a0<\/div>\n<div>\n<h2 class=\"wp-block-heading has-text-align-center\" style=\"font-size: 30px; text-decoration: underline;\"><span style=\"color: #000000; text-decoration: underline;\">BARF-Planung nach Bedarf<\/span><\/h2>\n<h2 class=\"wp-block-heading has-text-align-center\" style=\"font-size: 30px; text-decoration: underline;\"><span style=\"color: #000000; text-decoration: underline;\"><!-- \/wp:heading --><!-- wp:spacer {\"height\":\"1px\"} --><\/span><\/h2>\n<div class=\"wp-block-spacer\" style=\"height: 1px;\" aria-hidden=\"true\">\u00a0<\/div>\n<h2 class=\"wp-block-heading has-text-align-center\" style=\"font-size: 30px; text-decoration: underline;\"><span style=\"color: #000000; text-decoration: underline;\"><!-- \/wp:spacer --><!-- wp:paragraph {\"align\":\"center\",\"style\":{\"typography\":{\"fontSize\":\"21px\"}}} --><\/span><\/h2>\n<p class=\"has-text-align-center\" style=\"font-size: 21px;\"><span style=\"color: #000000;\"><strong>Ma\u00dfgeschneiderte Mahlzeiten abgestimmt auf Ihr Tier.<\/strong><\/span><\/p>\n<h2 class=\"wp-block-heading has-text-align-center\" style=\"font-size: 30px; text-decoration: underline;\"><span style=\"color: #000000; text-decoration: underline;\"><!-- \/wp:paragraph --><!-- wp:paragraph {\"align\":\"center\",\"style\":{\"typography\":{\"fontSize\":\"21px\"}}} --><\/span><\/h2>\n<p class=\"has-text-align-center\" style=\"font-size: 21px;\"><span style=\"color: #000000;\"><strong>Flexible Zusammenstellung Ihrer Produkte.<\/strong><\/span><\/p>\n<h2 class=\"wp-block-heading has-text-align-center\" style=\"font-size: 30px; text-decoration: underline;\"><span style=\"color: #000000; text-decoration: underline;\"><!-- \/wp:paragraph --><!-- wp:spacer {\"height\":\"55px\"} --><\/span><\/h2>\n<div class=\"wp-block-spacer\" style=\"height: 55px;\" aria-hidden=\"true\">\u00a0<\/div>\n<h2 class=\"wp-block-heading has-text-align-center\" style=\"font-size: 30px; text-decoration: underline;\"><span style=\"color: #000000; text-decoration: underline;\"><!-- \/wp:spacer --><!-- wp:heading {\"textAlign\":\"center\",\"style\":{\"typography\":{\"fontSize\":\"25px\"}}} --><\/span><\/h2>\n<h2 class=\"wp-block-heading has-text-align-center\" style=\"font-size: 25px;\"><span style=\"color: #000000;\">Sie m\u00f6chten eine individuelle Beratung oder eine Bestellung aufgeben?<\/span><br \/><span style=\"color: #000000;\">Kontaktieren Sie uns \u2013 wir helfen Ihnen gerne weiter.<\/span><\/h2>\n<h2 class=\"wp-block-heading has-text-align-center\" style=\"font-size: 30px; text-decoration: underline;\"><span style=\"color: #000000; text-decoration: underline;\"><!-- \/wp:heading --><!-- wp:spacer {\"height\":\"55px\"} --><\/span><\/h2>\n<div class=\"wp-block-spacer\" style=\"height: 55px;\" aria-hidden=\"true\">\u00a0<\/div>\n<\/div>\n<div>\u00a0<\/div>\t\t\t\t\t\t\t\t<\/div>\n\t\t\t\t<div class=\"elementor-element elementor-element-46cfbf4 elementor-align-center animated-slow elementor-invisible elementor-widget elementor-widget-button\" data-id=\"46cfbf4\" data-element_type=\"widget\" data-e-type=\"widget\" data-settings=\"{&quot;_animation&quot;:&quot;swing&quot;,&quot;_animation_delay&quot;:0}\" data-widget_type=\"button.default\">\n\t\t\t\t\t\t\t\t\t\t<a class=\"elementor-button elementor-button-link elementor-size-sm elementor-animation-grow\" href=\"https:\/\/huvona.wenco.tech\/index.php\/kontakt\/\">\n\t\t\t\t\t\t<span class=\"elementor-button-content-wrapper\">\n\t\t\t\t\t\t\t\t\t<span class=\"elementor-button-text\">Kontakt ...<\/span>\n\t\t\t\t\t<\/span>\n\t\t\t\t\t<\/a>\n\t\t\t\t\t\t\t\t<\/div>\n\t\t\t\t<\/div>\n\t\t\t\t\t<\/div>\n\t\t\t\t<\/div>\n\t\t<div class=\"elementor-element elementor-element-226c558 e-flex e-con-boxed e-con e-parent\" data-id=\"226c558\" data-element_type=\"container\" data-e-type=\"container\">\n\t\t\t\t\t<div class=\"e-con-inner\">\n\t\t\t\t\t<\/div>\n\t\t\t\t<\/div>\n\t\t\t\t<\/div>\n\t\t","protected":false},"excerpt":{"rendered":"<p>Pers\u00f6nliche Beratung f\u00fcr die optimale Ern\u00e4hrung Ihres Tieres \u00a0 \u00a0 \u00a0 \u00a0 \u00a0 \u00a0 \u00a0 \u00a0 \u00a0 \u00a0 \u00a0 \u00a0 \u00a0 \u00a0 \u00a0 \u00a0 \u00a0 \u00a0 \u00a0 \u00a0 \u00a0 \u00a0 \u00a0 \u00a0 \u00a0 \u00a0 \u00a0 \u00a0 \u00a0 \u00a0 \u00a0 \u00a0 \u00a0 \u00a0 \u00a0 \u00a0 \u00a0 \u00a0 \u00a0 \u00a0 \u00a0 \u00a0 \u00a0 \u00a0 \u00a0 \u00a0 \u00a0 [&hellip;]<\/p>\n","protected":false},"author":1,"featured_media":0,"parent":0,"menu_order":0,"comment_status":"closed","ping_status":"closed","template":"","meta":{"footnotes":""},"class_list":["post-311","page","type-page","status-publish","hentry"],"yoast_head":"<!-- This site is optimized with the Yoast SEO plugin v27.4 - https:\/\/yoast.com\/product\/yoast-seo-wordpress\/ -->\n<title>Kundensupport &amp; Beratung - Huvona Tierfutter Service<\/title>\n<meta name=\"robots\" content=\"index, follow, max-snippet:-1, max-image-preview:large, max-video-preview:-1\" \/>\n<link rel=\"canonical\" href=\"https:\/\/huvona.wenco.tech\/index.php\/kundensupport-beratung\/\" \/>\n<meta property=\"og:locale\" content=\"de_DE\" \/>\n<meta property=\"og:type\" content=\"article\" \/>\n<meta property=\"og:title\" content=\"Kundensupport &amp; Beratung - Huvona Tierfutter Service\" \/>\n<meta property=\"og:description\" content=\"Pers\u00f6nliche Beratung f\u00fcr die optimale Ern\u00e4hrung Ihres Tieres \u00a0 \u00a0 \u00a0 \u00a0 \u00a0 \u00a0 \u00a0 \u00a0 \u00a0 \u00a0 \u00a0 \u00a0 \u00a0 \u00a0 \u00a0 \u00a0 \u00a0 \u00a0 \u00a0 \u00a0 \u00a0 \u00a0 \u00a0 \u00a0 \u00a0 \u00a0 \u00a0 \u00a0 \u00a0 \u00a0 \u00a0 \u00a0 \u00a0 \u00a0 \u00a0 \u00a0 \u00a0 \u00a0 \u00a0 \u00a0 \u00a0 \u00a0 \u00a0 \u00a0 \u00a0 \u00a0 \u00a0 [&hellip;]\" \/>\n<meta property=\"og:url\" content=\"https:\/\/huvona.wenco.tech\/index.php\/kundensupport-beratung\/\" \/>\n<meta property=\"og:site_name\" content=\"Huvona Tierfutter Service\" \/>\n<meta property=\"article:modified_time\" content=\"2026-03-27T07:51:24+00:00\" \/>\n<meta name=\"twitter:card\" content=\"summary_large_image\" \/>\n<meta name=\"twitter:label1\" content=\"Gesch\u00e4tzte Lesezeit\" \/>\n\t<meta name=\"twitter:data1\" content=\"1\u00a0Minute\" \/>\n<script type=\"application\/ld+json\" class=\"yoast-schema-graph\">{\"@context\":\"https:\\\/\\\/schema.org\",\"@graph\":[{\"@type\":\"WebPage\",\"@id\":\"https:\\\/\\\/huvona.wenco.tech\\\/index.php\\\/kundensupport-beratung\\\/\",\"url\":\"https:\\\/\\\/huvona.wenco.tech\\\/index.php\\\/kundensupport-beratung\\\/\",\"name\":\"Kundensupport &amp; Beratung - Huvona Tierfutter Service\",\"isPartOf\":{\"@id\":\"https:\\\/\\\/huvona.wenco.tech\\\/#website\"},\"datePublished\":\"2026-02-12T08:51:20+00:00\",\"dateModified\":\"2026-03-27T07:51:24+00:00\",\"breadcrumb\":{\"@id\":\"https:\\\/\\\/huvona.wenco.tech\\\/index.php\\\/kundensupport-beratung\\\/#breadcrumb\"},\"inLanguage\":\"de\",\"potentialAction\":[{\"@type\":\"ReadAction\",\"target\":[\"https:\\\/\\\/huvona.wenco.tech\\\/index.php\\\/kundensupport-beratung\\\/\"]}]},{\"@type\":\"BreadcrumbList\",\"@id\":\"https:\\\/\\\/huvona.wenco.tech\\\/index.php\\\/kundensupport-beratung\\\/#breadcrumb\",\"itemListElement\":[{\"@type\":\"ListItem\",\"position\":1,\"name\":\"Start\",\"item\":\"https:\\\/\\\/huvona.wenco.tech\\\/\"},{\"@type\":\"ListItem\",\"position\":2,\"name\":\"Kundensupport &amp; Beratung\"}]},{\"@type\":\"WebSite\",\"@id\":\"https:\\\/\\\/huvona.wenco.tech\\\/#website\",\"url\":\"https:\\\/\\\/huvona.wenco.tech\\\/\",\"name\":\"Huvona Tierfutter Service\",\"description\":\"Die Manufaktur f\u00fcr Tiernahrung\",\"publisher\":{\"@id\":\"https:\\\/\\\/huvona.wenco.tech\\\/#organization\"},\"potentialAction\":[{\"@type\":\"SearchAction\",\"target\":{\"@type\":\"EntryPoint\",\"urlTemplate\":\"https:\\\/\\\/huvona.wenco.tech\\\/?s={search_term_string}\"},\"query-input\":{\"@type\":\"PropertyValueSpecification\",\"valueRequired\":true,\"valueName\":\"search_term_string\"}}],\"inLanguage\":\"de\"},{\"@type\":\"Organization\",\"@id\":\"https:\\\/\\\/huvona.wenco.tech\\\/#organization\",\"name\":\"Huvona Tierfutter Service\",\"url\":\"https:\\\/\\\/huvona.wenco.tech\\\/\",\"logo\":{\"@type\":\"ImageObject\",\"inLanguage\":\"de\",\"@id\":\"https:\\\/\\\/huvona.wenco.tech\\\/#\\\/schema\\\/logo\\\/image\\\/\",\"url\":\"https:\\\/\\\/huvona.wenco.tech\\\/wp-content\\\/uploads\\\/2026\\\/01\\\/cropped-cropped-cropped-cropped-7e83b2cd-222d-4d67-9bf6-40df4c32457b.jpg\",\"contentUrl\":\"https:\\\/\\\/huvona.wenco.tech\\\/wp-content\\\/uploads\\\/2026\\\/01\\\/cropped-cropped-cropped-cropped-7e83b2cd-222d-4d67-9bf6-40df4c32457b.jpg\",\"width\":512,\"height\":512,\"caption\":\"Huvona Tierfutter Service\"},\"image\":{\"@id\":\"https:\\\/\\\/huvona.wenco.tech\\\/#\\\/schema\\\/logo\\\/image\\\/\"}}]}<\/script>\n<!-- \/ Yoast SEO plugin. -->","yoast_head_json":{"title":"Kundensupport &amp; Beratung - Huvona Tierfutter Service","robots":{"index":"index","follow":"follow","max-snippet":"max-snippet:-1","max-image-preview":"max-image-preview:large","max-video-preview":"max-video-preview:-1"},"canonical":"https:\/\/huvona.wenco.tech\/index.php\/kundensupport-beratung\/","og_locale":"de_DE","og_type":"article","og_title":"Kundensupport &amp; Beratung - Huvona Tierfutter Service","og_description":"Pers\u00f6nliche Beratung f\u00fcr die optimale Ern\u00e4hrung Ihres Tieres \u00a0 \u00a0 \u00a0 \u00a0 \u00a0 \u00a0 \u00a0 \u00a0 \u00a0 \u00a0 \u00a0 \u00a0 \u00a0 \u00a0 \u00a0 \u00a0 \u00a0 \u00a0 \u00a0 \u00a0 \u00a0 \u00a0 \u00a0 \u00a0 \u00a0 \u00a0 \u00a0 \u00a0 \u00a0 \u00a0 \u00a0 \u00a0 \u00a0 \u00a0 \u00a0 \u00a0 \u00a0 \u00a0 \u00a0 \u00a0 \u00a0 \u00a0 \u00a0 \u00a0 \u00a0 \u00a0 \u00a0 [&hellip;]","og_url":"https:\/\/huvona.wenco.tech\/index.php\/kundensupport-beratung\/","og_site_name":"Huvona Tierfutter Service","article_modified_time":"2026-03-27T07:51:24+00:00","twitter_card":"summary_large_image","twitter_misc":{"Gesch\u00e4tzte Lesezeit":"1\u00a0Minute"},"schema":{"@context":"https:\/\/schema.org","@graph":[{"@type":"WebPage","@id":"https:\/\/huvona.wenco.tech\/index.php\/kundensupport-beratung\/","url":"https:\/\/huvona.wenco.tech\/index.php\/kundensupport-beratung\/","name":"Kundensupport &amp; Beratung - Huvona Tierfutter Service","isPartOf":{"@id":"https:\/\/huvona.wenco.tech\/#website"},"datePublished":"2026-02-12T08:51:20+00:00","dateModified":"2026-03-27T07:51:24+00:00","breadcrumb":{"@id":"https:\/\/huvona.wenco.tech\/index.php\/kundensupport-beratung\/#breadcrumb"},"inLanguage":"de","potentialAction":[{"@type":"ReadAction","target":["https:\/\/huvona.wenco.tech\/index.php\/kundensupport-beratung\/"]}]},{"@type":"BreadcrumbList","@id":"https:\/\/huvona.wenco.tech\/index.php\/kundensupport-beratung\/#breadcrumb","itemListElement":[{"@type":"ListItem","position":1,"name":"Start","item":"https:\/\/huvona.wenco.tech\/"},{"@type":"ListItem","position":2,"name":"Kundensupport &amp; Beratung"}]},{"@type":"WebSite","@id":"https:\/\/huvona.wenco.tech\/#website","url":"https:\/\/huvona.wenco.tech\/","name":"Huvona Tierfutter Service","description":"Die Manufaktur f\u00fcr Tiernahrung","publisher":{"@id":"https:\/\/huvona.wenco.tech\/#organization"},"potentialAction":[{"@type":"SearchAction","target":{"@type":"EntryPoint","urlTemplate":"https:\/\/huvona.wenco.tech\/?s={search_term_string}"},"query-input":{"@type":"PropertyValueSpecification","valueRequired":true,"valueName":"search_term_string"}}],"inLanguage":"de"},{"@type":"Organization","@id":"https:\/\/huvona.wenco.tech\/#organization","name":"Huvona Tierfutter Service","url":"https:\/\/huvona.wenco.tech\/","logo":{"@type":"ImageObject","inLanguage":"de","@id":"https:\/\/huvona.wenco.tech\/#\/schema\/logo\/image\/","url":"https:\/\/huvona.wenco.tech\/wp-content\/uploads\/2026\/01\/cropped-cropped-cropped-cropped-7e83b2cd-222d-4d67-9bf6-40df4c32457b.jpg","contentUrl":"https:\/\/huvona.wenco.tech\/wp-content\/uploads\/2026\/01\/cropped-cropped-cropped-cropped-7e83b2cd-222d-4d67-9bf6-40df4c32457b.jpg","width":512,"height":512,"caption":"Huvona Tierfutter Service"},"image":{"@id":"https:\/\/huvona.wenco.tech\/#\/schema\/logo\/image\/"}}]}},"_links":{"self":[{"href":"https:\/\/huvona.wenco.tech\/index.php\/wp-json\/wp\/v2\/pages\/311","targetHints":{"allow":["GET"]}}],"collection":[{"href":"https:\/\/huvona.wenco.tech\/index.php\/wp-json\/wp\/v2\/pages"}],"about":[{"href":"https:\/\/huvona.wenco.tech\/index.php\/wp-json\/wp\/v2\/types\/page"}],"author":[{"embeddable":true,"href":"https:\/\/huvona.wenco.tech\/index.php\/wp-json\/wp\/v2\/users\/1"}],"replies":[{"embeddable":true,"href":"https:\/\/huvona.wenco.tech\/index.php\/wp-json\/wp\/v2\/comments?post=311"}],"version-history":[{"count":49,"href":"https:\/\/huvona.wenco.tech\/index.php\/wp-json\/wp\/v2\/pages\/311\/revisions"}],"predecessor-version":[{"id":777,"href":"https:\/\/huvona.wenco.tech\/index.php\/wp-json\/wp\/v2\/pages\/311\/revisions\/777"}],"wp:attachment":[{"href":"https:\/\/huvona.wenco.tech\/index.php\/wp-json\/wp\/v2\/media?parent=311"}],"curies":[{"name":"wp","href":"https:\/\/api.w.org\/{rel}","templated":true}]}}