{"id":403,"date":"2026-02-17T19:27:26","date_gmt":"2026-02-17T18:27:26","guid":{"rendered":"https:\/\/huvona.wenco.tech\/?page_id=403"},"modified":"2026-03-25T11:56:15","modified_gmt":"2026-03-25T10:56:15","slug":"impressum","status":"publish","type":"page","link":"https:\/\/huvona.wenco.tech\/index.php\/impressum\/","title":{"rendered":"Impressum"},"content":{"rendered":"\t\t<div data-elementor-type=\"wp-page\" data-elementor-id=\"403\" class=\"elementor elementor-403\">\n\t\t\t\t<div class=\"elementor-element elementor-element-fb5b7cc e-flex e-con-boxed e-con e-parent\" data-id=\"fb5b7cc\" data-element_type=\"container\" data-e-type=\"container\" id=\"services\" data-settings=\"{&quot;background_background&quot;:&quot;classic&quot;}\">\n\t\t\t\t\t<div class=\"e-con-inner\">\n\t\t<div class=\"elementor-element elementor-element-4afbe72e e-con-full e-flex e-con e-child\" data-id=\"4afbe72e\" data-element_type=\"container\" data-e-type=\"container\" data-settings=\"{&quot;background_background&quot;:&quot;gradient&quot;}\">\n\t\t\t\t<div class=\"elementor-element elementor-element-ca912ee elementor-widget elementor-widget-text-editor\" data-id=\"ca912ee\" data-element_type=\"widget\" data-e-type=\"widget\" data-widget_type=\"text-editor.default\">\n\t\t\t\t\t\t\t\t\t<h1 class=\"wp-block-heading has-text-align-center\"><span style=\"text-decoration: underline; color: #000000;\">Impressum<\/span><\/h1>\n<p><span style=\"color: #000000;\"><!-- \/wp:heading --><!-- wp:spacer {\"height\":\"52px\"} --><\/span><\/p>\n<div class=\"wp-block-spacer\" style=\"height: 52px;\" aria-hidden=\"true\">\u00a0<\/div>\n<p><span style=\"color: #000000;\"><!-- \/wp:spacer --><!-- wp:heading {\"textAlign\":\"center\",\"fontSize\":\"medium\"} --><\/span><\/p>\n<h2 class=\"wp-block-heading has-text-align-center has-medium-font-size\"><span style=\"color: #000000;\">HUVONA Tierfutterservice eGbR<\/span><br \/><span style=\"color: #000000;\">Schlachthofstr. 30<\/span><br \/><span style=\"color: #000000;\">27576 Bremerhaven<\/span><br \/><span style=\"color: #000000;\">Deutschland<\/span><\/h2>\n<h2><span style=\"color: #000000;\"><!-- \/wp:heading --><!-- wp:spacer {\"height\":\"53px\"} --><\/span><\/h2>\n<h2 class=\"wp-block-spacer\" style=\"height: 53px;\" aria-hidden=\"true\">\u00a0<\/h2>\n<h2><span style=\"color: #000000;\"><!-- \/wp:spacer --><!-- wp:heading {\"textAlign\":\"center\",\"fontSize\":\"medium\"} --><\/span><\/h2>\n<h2 class=\"wp-block-heading has-text-align-center has-medium-font-size\"><span style=\"color: #000000;\">Rechtsform:<\/span><br \/><span style=\"color: #000000;\">eingetragene Gesellschaft b\u00fcrgerlichen Rechts (eGbR)<\/span><\/h2>\n<h2><span style=\"color: #000000;\"><!-- \/wp:heading --><!-- wp:spacer {\"height\":\"52px\"} --><\/span><\/h2>\n<h2 class=\"wp-block-spacer\" style=\"height: 52px;\" aria-hidden=\"true\">\u00a0<\/h2>\n<h2><span style=\"color: #000000;\"><!-- \/wp:spacer --><!-- wp:heading {\"textAlign\":\"center\",\"fontSize\":\"medium\"} --><\/span><\/h2>\n<h2 class=\"wp-block-heading has-text-align-center has-medium-font-size\"><span style=\"color: #000000;\">Vertreten durch die Gesellschafter:<\/span><br \/><span style=\"color: #000000;\">Rico Kallauch<\/span><br \/><span style=\"color: #000000;\">Tobias Brukat<\/span><\/h2>\n<h2><span style=\"color: #000000;\"><!-- \/wp:heading --><!-- wp:spacer {\"height\":\"54px\"} --><\/span><\/h2>\n<h2 class=\"wp-block-spacer\" style=\"height: 54px;\" aria-hidden=\"true\">\u00a0<\/h2>\n<h2><span style=\"color: #000000;\"><!-- \/wp:spacer --><!-- wp:heading {\"textAlign\":\"center\",\"fontSize\":\"medium\"} --><\/span><\/h2>\n<h2 class=\"wp-block-heading has-text-align-center has-medium-font-size\"><span style=\"color: #000000;\">Kontakt:<\/span><br \/><span style=\"color: #000000;\">Telefon: 0471 \/ 56091<\/span><br \/><span style=\"color: #000000;\">E-Mail: info@huvona.de<\/span><\/h2>\n<h2><span style=\"color: #000000;\"><!-- \/wp:heading --><!-- wp:spacer {\"height\":\"52px\"} --><\/span><\/h2>\n<h2 class=\"wp-block-spacer\" style=\"height: 52px;\" aria-hidden=\"true\">\u00a0<\/h2>\n<h2><span style=\"color: #000000;\"><!-- \/wp:spacer --><!-- wp:heading {\"textAlign\":\"center\",\"fontSize\":\"medium\"} --><\/span><\/h2>\n<h2 class=\"wp-block-heading has-text-align-center has-medium-font-size\"><span style=\"color: #000000;\">Umsatzsteuer-Identifikationsnummer gem\u00e4\u00df \u00a7 27a UStG:<\/span><\/h2>\n<h2><span style=\"color: #000000;\"><!-- \/wp:heading --><!-- wp:heading {\"textAlign\":\"center\",\"fontSize\":\"medium\"} --><\/span><\/h2>\n<h2 class=\"wp-block-heading has-text-align-center has-medium-font-size\"><span style=\"color: #000000;\">Steuernummer:\u00a075 154 010 45<\/span><\/h2>\n<h2><span style=\"color: #000000;\"><!-- \/wp:heading --><!-- wp:spacer {\"height\":\"52px\"} --><\/span><\/h2>\n<h5 class=\"wp-block-spacer\" style=\"height: 52px;\" aria-hidden=\"true\"><span style=\"color: #000000;\">Handelsregister: Huvona eGbR 38AR1614\/25HB<\/span><\/h5>\n<h2><span style=\"color: #000000;\"><!-- \/wp:spacer --><!-- wp:heading {\"textAlign\":\"center\",\"fontSize\":\"medium\"} --><\/span><\/h2>\n<h2 class=\"wp-block-heading has-text-align-center has-medium-font-size\"><br \/><span style=\"color: #000000;\">Zulassungsnummer gem\u00e4\u00df veterin\u00e4rrechtlicher Vorschriften:<\/span><\/h2>\n<h2><span style=\"color: #000000;\"><!-- \/wp:heading --><!-- wp:heading {\"textAlign\":\"center\",\"fontSize\":\"medium\"} --><\/span><\/h2>\n<h2 class=\"wp-block-heading has-text-align-center has-medium-font-size\"><span style=\"color: #000000;\">DE 04 012 000313<\/span><\/h2>\t\t\t\t\t\t\t\t<\/div>\n\t\t\t\t<\/div>\n\t\t\t\t\t<\/div>\n\t\t\t\t<\/div>\n\t\t\t\t<\/div>\n\t\t","protected":false},"excerpt":{"rendered":"<p>Impressum \u00a0 HUVONA Tierfutterservice eGbRSchlachthofstr. 3027576 BremerhavenDeutschland \u00a0 Rechtsform:eingetragene Gesellschaft b\u00fcrgerlichen Rechts (eGbR) \u00a0 Vertreten durch die Gesellschafter:Rico KallauchTobias Brukat \u00a0 Kontakt:Telefon: 0471 \/ 56091E-Mail: info@huvona.de \u00a0 Umsatzsteuer-Identifikationsnummer gem\u00e4\u00df \u00a7 27a UStG: Steuernummer:\u00a075 154 010 45 Handelsregister: Huvona eGbR 38AR1614\/25HB Zulassungsnummer gem\u00e4\u00df veterin\u00e4rrechtlicher Vorschriften: DE 04 012 000313<\/p>\n","protected":false},"author":1,"featured_media":0,"parent":0,"menu_order":0,"comment_status":"closed","ping_status":"closed","template":"","meta":{"footnotes":""},"class_list":["post-403","page","type-page","status-publish","hentry"],"yoast_head":"<!-- This site is optimized with the Yoast SEO plugin v27.4 - https:\/\/yoast.com\/product\/yoast-seo-wordpress\/ -->\n<title>Impressum - Huvona Tierfutter Service<\/title>\n<meta name=\"robots\" content=\"index, follow, max-snippet:-1, max-image-preview:large, max-video-preview:-1\" \/>\n<link rel=\"canonical\" href=\"https:\/\/huvona.wenco.tech\/index.php\/impressum\/\" \/>\n<meta property=\"og:locale\" content=\"de_DE\" \/>\n<meta property=\"og:type\" content=\"article\" \/>\n<meta property=\"og:title\" content=\"Impressum - Huvona Tierfutter Service\" \/>\n<meta property=\"og:description\" content=\"Impressum \u00a0 HUVONA Tierfutterservice eGbRSchlachthofstr. 3027576 BremerhavenDeutschland \u00a0 Rechtsform:eingetragene Gesellschaft b\u00fcrgerlichen Rechts (eGbR) \u00a0 Vertreten durch die Gesellschafter:Rico KallauchTobias Brukat \u00a0 Kontakt:Telefon: 0471 \/ 56091E-Mail: info@huvona.de \u00a0 Umsatzsteuer-Identifikationsnummer gem\u00e4\u00df \u00a7 27a UStG: Steuernummer:\u00a075 154 010 45 Handelsregister: Huvona eGbR 38AR1614\/25HB Zulassungsnummer gem\u00e4\u00df veterin\u00e4rrechtlicher Vorschriften: DE 04 012 000313\" \/>\n<meta property=\"og:url\" content=\"https:\/\/huvona.wenco.tech\/index.php\/impressum\/\" \/>\n<meta property=\"og:site_name\" content=\"Huvona Tierfutter Service\" \/>\n<meta property=\"article:modified_time\" content=\"2026-03-25T10:56:15+00:00\" \/>\n<meta name=\"twitter:card\" content=\"summary_large_image\" \/>\n<meta name=\"twitter:label1\" content=\"Gesch\u00e4tzte Lesezeit\" \/>\n\t<meta name=\"twitter:data1\" content=\"1\u00a0Minute\" \/>\n<script type=\"application\/ld+json\" class=\"yoast-schema-graph\">{\"@context\":\"https:\\\/\\\/schema.org\",\"@graph\":[{\"@type\":\"WebPage\",\"@id\":\"https:\\\/\\\/huvona.wenco.tech\\\/index.php\\\/impressum\\\/\",\"url\":\"https:\\\/\\\/huvona.wenco.tech\\\/index.php\\\/impressum\\\/\",\"name\":\"Impressum - Huvona Tierfutter Service\",\"isPartOf\":{\"@id\":\"https:\\\/\\\/huvona.wenco.tech\\\/#website\"},\"datePublished\":\"2026-02-17T18:27:26+00:00\",\"dateModified\":\"2026-03-25T10:56:15+00:00\",\"breadcrumb\":{\"@id\":\"https:\\\/\\\/huvona.wenco.tech\\\/index.php\\\/impressum\\\/#breadcrumb\"},\"inLanguage\":\"de\",\"potentialAction\":[{\"@type\":\"ReadAction\",\"target\":[\"https:\\\/\\\/huvona.wenco.tech\\\/index.php\\\/impressum\\\/\"]}]},{\"@type\":\"BreadcrumbList\",\"@id\":\"https:\\\/\\\/huvona.wenco.tech\\\/index.php\\\/impressum\\\/#breadcrumb\",\"itemListElement\":[{\"@type\":\"ListItem\",\"position\":1,\"name\":\"Start\",\"item\":\"https:\\\/\\\/huvona.wenco.tech\\\/\"},{\"@type\":\"ListItem\",\"position\":2,\"name\":\"Impressum\"}]},{\"@type\":\"WebSite\",\"@id\":\"https:\\\/\\\/huvona.wenco.tech\\\/#website\",\"url\":\"https:\\\/\\\/huvona.wenco.tech\\\/\",\"name\":\"Huvona Tierfutter Service\",\"description\":\"Die Manufaktur f\u00fcr Tiernahrung\",\"publisher\":{\"@id\":\"https:\\\/\\\/huvona.wenco.tech\\\/#organization\"},\"potentialAction\":[{\"@type\":\"SearchAction\",\"target\":{\"@type\":\"EntryPoint\",\"urlTemplate\":\"https:\\\/\\\/huvona.wenco.tech\\\/?s={search_term_string}\"},\"query-input\":{\"@type\":\"PropertyValueSpecification\",\"valueRequired\":true,\"valueName\":\"search_term_string\"}}],\"inLanguage\":\"de\"},{\"@type\":\"Organization\",\"@id\":\"https:\\\/\\\/huvona.wenco.tech\\\/#organization\",\"name\":\"Huvona Tierfutter Service\",\"url\":\"https:\\\/\\\/huvona.wenco.tech\\\/\",\"logo\":{\"@type\":\"ImageObject\",\"inLanguage\":\"de\",\"@id\":\"https:\\\/\\\/huvona.wenco.tech\\\/#\\\/schema\\\/logo\\\/image\\\/\",\"url\":\"https:\\\/\\\/huvona.wenco.tech\\\/wp-content\\\/uploads\\\/2026\\\/01\\\/cropped-cropped-cropped-cropped-7e83b2cd-222d-4d67-9bf6-40df4c32457b.jpg\",\"contentUrl\":\"https:\\\/\\\/huvona.wenco.tech\\\/wp-content\\\/uploads\\\/2026\\\/01\\\/cropped-cropped-cropped-cropped-7e83b2cd-222d-4d67-9bf6-40df4c32457b.jpg\",\"width\":512,\"height\":512,\"caption\":\"Huvona Tierfutter Service\"},\"image\":{\"@id\":\"https:\\\/\\\/huvona.wenco.tech\\\/#\\\/schema\\\/logo\\\/image\\\/\"}}]}<\/script>\n<!-- \/ Yoast SEO plugin. -->","yoast_head_json":{"title":"Impressum - Huvona Tierfutter Service","robots":{"index":"index","follow":"follow","max-snippet":"max-snippet:-1","max-image-preview":"max-image-preview:large","max-video-preview":"max-video-preview:-1"},"canonical":"https:\/\/huvona.wenco.tech\/index.php\/impressum\/","og_locale":"de_DE","og_type":"article","og_title":"Impressum - Huvona Tierfutter Service","og_description":"Impressum \u00a0 HUVONA Tierfutterservice eGbRSchlachthofstr. 3027576 BremerhavenDeutschland \u00a0 Rechtsform:eingetragene Gesellschaft b\u00fcrgerlichen Rechts (eGbR) \u00a0 Vertreten durch die Gesellschafter:Rico KallauchTobias Brukat \u00a0 Kontakt:Telefon: 0471 \/ 56091E-Mail: info@huvona.de \u00a0 Umsatzsteuer-Identifikationsnummer gem\u00e4\u00df \u00a7 27a UStG: Steuernummer:\u00a075 154 010 45 Handelsregister: Huvona eGbR 38AR1614\/25HB Zulassungsnummer gem\u00e4\u00df veterin\u00e4rrechtlicher Vorschriften: DE 04 012 000313","og_url":"https:\/\/huvona.wenco.tech\/index.php\/impressum\/","og_site_name":"Huvona Tierfutter Service","article_modified_time":"2026-03-25T10:56:15+00:00","twitter_card":"summary_large_image","twitter_misc":{"Gesch\u00e4tzte Lesezeit":"1\u00a0Minute"},"schema":{"@context":"https:\/\/schema.org","@graph":[{"@type":"WebPage","@id":"https:\/\/huvona.wenco.tech\/index.php\/impressum\/","url":"https:\/\/huvona.wenco.tech\/index.php\/impressum\/","name":"Impressum - Huvona Tierfutter Service","isPartOf":{"@id":"https:\/\/huvona.wenco.tech\/#website"},"datePublished":"2026-02-17T18:27:26+00:00","dateModified":"2026-03-25T10:56:15+00:00","breadcrumb":{"@id":"https:\/\/huvona.wenco.tech\/index.php\/impressum\/#breadcrumb"},"inLanguage":"de","potentialAction":[{"@type":"ReadAction","target":["https:\/\/huvona.wenco.tech\/index.php\/impressum\/"]}]},{"@type":"BreadcrumbList","@id":"https:\/\/huvona.wenco.tech\/index.php\/impressum\/#breadcrumb","itemListElement":[{"@type":"ListItem","position":1,"name":"Start","item":"https:\/\/huvona.wenco.tech\/"},{"@type":"ListItem","position":2,"name":"Impressum"}]},{"@type":"WebSite","@id":"https:\/\/huvona.wenco.tech\/#website","url":"https:\/\/huvona.wenco.tech\/","name":"Huvona Tierfutter Service","description":"Die Manufaktur f\u00fcr Tiernahrung","publisher":{"@id":"https:\/\/huvona.wenco.tech\/#organization"},"potentialAction":[{"@type":"SearchAction","target":{"@type":"EntryPoint","urlTemplate":"https:\/\/huvona.wenco.tech\/?s={search_term_string}"},"query-input":{"@type":"PropertyValueSpecification","valueRequired":true,"valueName":"search_term_string"}}],"inLanguage":"de"},{"@type":"Organization","@id":"https:\/\/huvona.wenco.tech\/#organization","name":"Huvona Tierfutter Service","url":"https:\/\/huvona.wenco.tech\/","logo":{"@type":"ImageObject","inLanguage":"de","@id":"https:\/\/huvona.wenco.tech\/#\/schema\/logo\/image\/","url":"https:\/\/huvona.wenco.tech\/wp-content\/uploads\/2026\/01\/cropped-cropped-cropped-cropped-7e83b2cd-222d-4d67-9bf6-40df4c32457b.jpg","contentUrl":"https:\/\/huvona.wenco.tech\/wp-content\/uploads\/2026\/01\/cropped-cropped-cropped-cropped-7e83b2cd-222d-4d67-9bf6-40df4c32457b.jpg","width":512,"height":512,"caption":"Huvona Tierfutter Service"},"image":{"@id":"https:\/\/huvona.wenco.tech\/#\/schema\/logo\/image\/"}}]}},"_links":{"self":[{"href":"https:\/\/huvona.wenco.tech\/index.php\/wp-json\/wp\/v2\/pages\/403","targetHints":{"allow":["GET"]}}],"collection":[{"href":"https:\/\/huvona.wenco.tech\/index.php\/wp-json\/wp\/v2\/pages"}],"about":[{"href":"https:\/\/huvona.wenco.tech\/index.php\/wp-json\/wp\/v2\/types\/page"}],"author":[{"embeddable":true,"href":"https:\/\/huvona.wenco.tech\/index.php\/wp-json\/wp\/v2\/users\/1"}],"replies":[{"embeddable":true,"href":"https:\/\/huvona.wenco.tech\/index.php\/wp-json\/wp\/v2\/comments?post=403"}],"version-history":[{"count":15,"href":"https:\/\/huvona.wenco.tech\/index.php\/wp-json\/wp\/v2\/pages\/403\/revisions"}],"predecessor-version":[{"id":739,"href":"https:\/\/huvona.wenco.tech\/index.php\/wp-json\/wp\/v2\/pages\/403\/revisions\/739"}],"wp:attachment":[{"href":"https:\/\/huvona.wenco.tech\/index.php\/wp-json\/wp\/v2\/media?parent=403"}],"curies":[{"name":"wp","href":"https:\/\/api.w.org\/{rel}","templated":true}]}}