{"id":50,"date":"2026-01-13T09:44:40","date_gmt":"2026-01-13T08:44:40","guid":{"rendered":"https:\/\/huvona.wenco.tech\/?page_id=50"},"modified":"2026-02-26T12:10:44","modified_gmt":"2026-02-26T11:10:44","slug":"home","status":"publish","type":"page","link":"https:\/\/huvona.wenco.tech\/index.php\/home\/","title":{"rendered":"Willkommen bei HUVONA Tierfutterservice eGbR \u2013 Ihrem zuverl\u00e4ssigen Partner f\u00fcr hochwertiges Hundefutter."},"content":{"rendered":"\t\t<div data-elementor-type=\"wp-page\" data-elementor-id=\"50\" class=\"elementor elementor-50\">\n\t\t\t\t<div class=\"elementor-element elementor-element-d804318 e-flex e-con-boxed e-con e-parent\" data-id=\"d804318\" data-element_type=\"container\" data-e-type=\"container\" id=\"services\" data-settings=\"{&quot;background_background&quot;:&quot;classic&quot;}\">\n\t\t\t\t\t<div class=\"e-con-inner\">\n\t\t<div class=\"elementor-element elementor-element-6ef24470 e-con-full e-flex e-con e-child\" data-id=\"6ef24470\" data-element_type=\"container\" data-e-type=\"container\" data-settings=\"{&quot;background_background&quot;:&quot;gradient&quot;}\">\n\t\t\t\t<div class=\"elementor-element elementor-element-1e56a961 elementor-widget elementor-widget-text-editor\" data-id=\"1e56a961\" data-element_type=\"widget\" data-e-type=\"widget\" data-widget_type=\"text-editor.default\">\n\t\t\t\t\t\t\t\t\t<h1 style=\"text-align: center;\"><\/h1>\n<div class=\"wp-block-spacer\" style=\"height: 53px;\" aria-hidden=\"true\">\u00a0<\/div>\n<h1 style=\"text-align: center;\"><\/h1>\n<h2 class=\"wp-block-heading\"><span style=\"color: #000000;\">Willkommen bei HUVONA Tierfutterservice eGbR \u2013 Ihrem zuverl\u00e4ssigen Partner f\u00fcr hochwertiges Hundefutter.<\/span><\/h2>\n<h1 style=\"text-align: center;\"><span style=\"color: #000000;\"><\/span><\/h1>\n<div class=\"wp-block-spacer\" style=\"height: 51px;\" aria-hidden=\"true\">\u00a0<\/div>\n<h1 style=\"text-align: center;\"><span style=\"color: #000000;\"><\/span><\/h1>\n<h2 class=\"wp-block-heading has-text-align-center\" style=\"font-size: 30px; text-decoration: underline;\"><span style=\"color: #000000; text-decoration: underline;\"><strong>Frisches Tierfutter aus eigener Manufaktur \u2013 seit \u00fcber 50 Jahren<\/strong><\/span><\/h2>\n<h1 style=\"text-align: center;\"><span style=\"color: #000000;\"><\/span><\/h1>\n<div class=\"wp-block-spacer\" style=\"height: 55px;\" aria-hidden=\"true\">\u00a0<\/div>\n<h1 style=\"text-align: center;\"><span style=\"color: #000000;\"><\/span><\/h1>\n<p class=\"has-text-align-center\" style=\"font-size: 21px;\"><span style=\"color: #000000;\"><strong>Als familiengef\u00fchrtes Unternehmen mit jahrzehntelanger Erfahrung stehen wir f\u00fcr Frische, Qualit\u00e4t und handwerkliche Verarbeitung.<\/strong><\/span><\/p>\n<h1 style=\"text-align: center;\"><span style=\"color: #000000;\"><\/span><\/h1>\n<p class=\"has-text-align-center\" style=\"font-size: 21px;\"><span style=\"color: #000000;\"><strong>Ob BARF-F\u00fctterung, Frischfleisch oder naturbelassene Trockenartikel: Bei uns wissen Sie genau, was im Napf landet.<\/strong><\/span><\/p>\n<h1 style=\"text-align: center;\"><span style=\"color: #000000;\"><\/span><\/h1>\n<p class=\"has-text-align-center has-medium-font-size\"><span style=\"color: #000000;\"><strong>Viele unserer beliebtesten Produkte stellen wir mit gro\u00dfer Sorgfalt selbst her \u2013 darunter Fischfutter sowie Klassiker wie \u201eMix vom Rind\u201c, Bl\u00e4ttermagen oder Pansen.<\/strong><\/span><\/p>\n<h1 style=\"text-align: center;\"><span style=\"color: #000000;\"><\/span><\/h1>\n<p class=\"has-text-align-center has-medium-font-size\"><span style=\"color: #000000;\"><strong>Unser Sortiment umfasst eine gro\u00dfe Auswahl an hochwertigen Proteinquellen, darunter Rind, Pferd, Lachs, Gefl\u00fcgel, Wild, Kaninchen und Lamm, erg\u00e4nzt durch saisonale Angebote.<\/strong><\/span><\/p>\n<h1 style=\"text-align: center;\"><span style=\"color: #000000;\"><\/span><\/h1>\n<p class=\"has-text-align-center has-medium-font-size\"><span style=\"color: #000000;\">\ud83d\ude9a <strong>Jeden Freitag frisch geliefert \u2013 bis vor Ihre Haust\u00fcr.<\/strong><\/span><\/p>\n<h1 style=\"text-align: center;\"><span style=\"color: #000000;\"><\/span><\/h1>\n<p class=\"has-text-align-center has-medium-font-size\"><span style=\"color: #000000;\"><strong>Wir setzen bewusst auf kurze Transportwege, frische Zutaten und eine regionale Verarbeitung, um h\u00f6chste Qualit\u00e4t und Frische zu gew\u00e4hrleisten.<\/strong><\/span><\/p>\n<h1 style=\"text-align: center;\"><span style=\"color: #000000;\"><\/span><\/h1>\n<p class=\"has-text-align-center has-medium-font-size\"><span style=\"color: #000000;\"><strong>Erg\u00e4nzend f\u00fchren wir ausgew\u00e4hlte Erg\u00e4nzungsfuttermittel sowie Nass- und Trockenfutter f\u00fcr jede Lebensphase und besondere Ern\u00e4hrungsbed\u00fcrfnisse \u2013 selbstverst\u00e4ndlich auch getreidefrei oder f\u00fcr Allergiker geeignet.<\/strong><\/span><\/p>\n<h1 style=\"text-align: center;\"><span style=\"color: #000000;\"><\/span><\/h1>\n<p class=\"has-text-align-center has-medium-font-size\"><span style=\"color: #000000;\"><strong>Unsere Leckerlis stammen teilweise aus eigener Trocknung und werden durch hochwertige Produkte ausgew\u00e4hlter deutscher und europ\u00e4ischer Partner erg\u00e4nzt.<\/strong><\/span><\/p>\n<h1 style=\"text-align: center;\"><span style=\"color: #000000;\"><\/span><\/h1>\n<div class=\"wp-block-spacer\" style=\"height: 53px;\" aria-hidden=\"true\">\u00a0<\/div>\n<h1 style=\"text-align: center;\"><span style=\"color: #000000;\"><\/span><\/h1>\n<h2 class=\"wp-block-heading has-text-align-center\" style=\"font-size: 30px;\"><span style=\"color: #000000;\">Zusammenf\u00fchrung zweier Unternehmen &#8230;<\/span><\/h2>\n<h1 style=\"text-align: center;\"><span style=\"color: #000000;\"><\/span><\/h1>\n<div class=\"wp-block-spacer\" style=\"height: 51px;\" aria-hidden=\"true\">\u00a0<\/div>\n<h1 style=\"text-align: center;\"><span style=\"color: #000000;\"><\/span><\/h1>\n<p class=\"has-text-align-center\" style=\"font-size: 21px;\"><span style=\"color: #000000;\"><strong>Zum 01.08.2025 haben wir den Betrieb neu \u00fcbernommen und zwei etablierte Unternehmen zusammengef\u00fchrt:<\/strong><\/span><br \/><span style=\"color: #000000;\"><strong>\u2022 Rico Kallauch Tierfutter<br \/>\u2022 Elbe-Weser Futter by Tobias Brukat<\/strong><\/span><\/p>\n<h1 style=\"text-align: center;\"><span style=\"color: #000000;\"><\/span><\/h1>\n<p class=\"has-text-align-center\" style=\"font-size: 21px;\"><span style=\"color: #000000;\"><strong>Durch diese Zusammenf\u00fchrung vereinen wir Erfahrung, Fachwissen und bew\u00e4hrte Qualit\u00e4t unter einem Namen.<\/strong><\/span><\/p>\n<h1 style=\"text-align: center;\"><span style=\"color: #000000;\"><\/span><\/h1>\n<p class=\"has-text-align-center\" style=\"font-size: 21px;\"><span style=\"color: #000000;\"><strong>Wir arbeiten als Manufaktur mit kurzen Wegen, pers\u00f6nlichem Kontakt und einem klaren Anspruch:<br \/>ehrliches Tierfutter ohne Kompromisse.<\/strong><\/span><\/p>\n<h1 style=\"text-align: center;\"><span style=\"color: #000000;\"><\/span><\/h1>\n<div class=\"wp-block-spacer\" style=\"height: 52px;\" aria-hidden=\"true\">\u00a0<\/div>\n<h1 style=\"text-align: center;\"><span style=\"color: #000000;\"><\/span><\/h1>\n<h2 class=\"wp-block-heading has-text-align-center\" style=\"font-size: 30px;\"><span style=\"color: #000000;\">Was wir so machen &#8230;<\/span><\/h2>\n<h1 style=\"text-align: center;\"><span style=\"color: #000000;\"><\/span><\/h1>\n<div class=\"wp-block-spacer\" style=\"height: 52px;\" aria-hidden=\"true\">\u00a0<\/div>\n<h1 style=\"text-align: center;\"><span style=\"color: #000000;\"><\/span><\/h1>\n<p class=\"has-text-align-center\" style=\"font-size: 21px;\"><span style=\"color: #000000;\"><strong>Wir stellen hochwertiges Hundefutter her \u2013 frisch, gefroren oder getrocknet.<br \/>Unser Schwerpunkt liegt auf der artgerechten Rohf\u00fctterung (BARF) sowie naturbelassenen Erg\u00e4nzungsprodukten.<\/strong><\/span><\/p>\n<h1 style=\"text-align: center;\"><span style=\"color: #000000;\"><\/span><\/h1>\n<p class=\"has-text-align-center\" style=\"font-size: 21px;\"><span style=\"color: #000000;\"><strong>Dank unserer direkten Lage gegen\u00fcber dem Schlachthof k\u00f6nnen wir besonders frische Rohwaren verarbeiten und anbieten.<\/strong><\/span><\/p>\n<h1 style=\"text-align: center;\"><\/h1>\t\t\t\t\t\t\t\t<\/div>\n\t\t\t\t<div class=\"elementor-element elementor-element-6c3b2e6e elementor-align-center animated-slow elementor-invisible elementor-widget elementor-widget-button\" data-id=\"6c3b2e6e\" data-element_type=\"widget\" data-e-type=\"widget\" data-settings=\"{&quot;_animation&quot;:&quot;swing&quot;,&quot;_animation_delay&quot;:0}\" data-widget_type=\"button.default\">\n\t\t\t\t\t\t\t\t\t\t<a class=\"elementor-button elementor-button-link elementor-size-sm elementor-animation-grow\" href=\"https:\/\/huvona.wenco.tech\/index.php\/kontakt\/\">\n\t\t\t\t\t\t<span class=\"elementor-button-content-wrapper\">\n\t\t\t\t\t\t\t\t\t<span class=\"elementor-button-text\">Kontakt ...<\/span>\n\t\t\t\t\t<\/span>\n\t\t\t\t\t<\/a>\n\t\t\t\t\t\t\t\t<\/div>\n\t\t\t\t<\/div>\n\t\t\t\t\t<\/div>\n\t\t\t\t<\/div>\n\t\t\t\t<\/div>\n\t\t","protected":false},"excerpt":{"rendered":"<p>Willkommen bei HUVONA Tierfutterservice eGbR \u2013 Ihrem zuverl\u00e4ssigen Partner f\u00fcr hochwertiges Hundefutter. Frisches Tierfutter aus eigener Manufaktur \u2013 seit \u00fcber 50 Jahren Als familiengef\u00fchrtes Unternehmen mit jahrzehntelanger Erfahrung stehen wir f\u00fcr Frische, Qualit\u00e4t und handwerkliche Verarbeitung. Ob BARF-F\u00fctterung, Frischfleisch oder naturbelassene Trockenartikel: Bei uns wissen Sie genau, was im Napf landet. Viele unserer beliebtesten Produkte [&hellip;]<\/p>\n","protected":false},"author":1,"featured_media":0,"parent":0,"menu_order":0,"comment_status":"closed","ping_status":"closed","template":"","meta":{"footnotes":""},"class_list":["post-50","page","type-page","status-publish","hentry"],"yoast_head":"<!-- This site is optimized with the Yoast SEO plugin v27.4 - https:\/\/yoast.com\/product\/yoast-seo-wordpress\/ -->\n<title>Willkommen bei HUVONA Tierfutterservice eGbR \u2013 Ihrem zuverl\u00e4ssigen Partner f\u00fcr hochwertiges Hundefutter. - Huvona Tierfutter Service<\/title>\n<meta name=\"robots\" content=\"index, follow, max-snippet:-1, max-image-preview:large, max-video-preview:-1\" \/>\n<link rel=\"canonical\" href=\"https:\/\/huvona.wenco.tech\/index.php\/home\/\" \/>\n<meta property=\"og:locale\" content=\"de_DE\" \/>\n<meta property=\"og:type\" content=\"article\" \/>\n<meta property=\"og:title\" content=\"Willkommen bei HUVONA Tierfutterservice eGbR \u2013 Ihrem zuverl\u00e4ssigen Partner f\u00fcr hochwertiges Hundefutter. - Huvona Tierfutter Service\" \/>\n<meta property=\"og:description\" content=\"Willkommen bei HUVONA Tierfutterservice eGbR \u2013 Ihrem zuverl\u00e4ssigen Partner f\u00fcr hochwertiges Hundefutter. Frisches Tierfutter aus eigener Manufaktur \u2013 seit \u00fcber 50 Jahren Als familiengef\u00fchrtes Unternehmen mit jahrzehntelanger Erfahrung stehen wir f\u00fcr Frische, Qualit\u00e4t und handwerkliche Verarbeitung. Ob BARF-F\u00fctterung, Frischfleisch oder naturbelassene Trockenartikel: Bei uns wissen Sie genau, was im Napf landet. Viele unserer beliebtesten Produkte [&hellip;]\" \/>\n<meta property=\"og:url\" content=\"https:\/\/huvona.wenco.tech\/index.php\/home\/\" \/>\n<meta property=\"og:site_name\" content=\"Huvona Tierfutter Service\" \/>\n<meta property=\"article:modified_time\" content=\"2026-02-26T11:10:44+00:00\" \/>\n<meta name=\"twitter:card\" content=\"summary_large_image\" \/>\n<meta name=\"twitter:label1\" content=\"Gesch\u00e4tzte Lesezeit\" \/>\n\t<meta name=\"twitter:data1\" content=\"2\u00a0Minuten\" \/>\n<script type=\"application\/ld+json\" class=\"yoast-schema-graph\">{\"@context\":\"https:\\\/\\\/schema.org\",\"@graph\":[{\"@type\":\"WebPage\",\"@id\":\"https:\\\/\\\/huvona.wenco.tech\\\/index.php\\\/home\\\/\",\"url\":\"https:\\\/\\\/huvona.wenco.tech\\\/index.php\\\/home\\\/\",\"name\":\"Willkommen bei HUVONA Tierfutterservice eGbR \u2013 Ihrem zuverl\u00e4ssigen Partner f\u00fcr hochwertiges Hundefutter. - Huvona Tierfutter Service\",\"isPartOf\":{\"@id\":\"https:\\\/\\\/huvona.wenco.tech\\\/#website\"},\"datePublished\":\"2026-01-13T08:44:40+00:00\",\"dateModified\":\"2026-02-26T11:10:44+00:00\",\"breadcrumb\":{\"@id\":\"https:\\\/\\\/huvona.wenco.tech\\\/index.php\\\/home\\\/#breadcrumb\"},\"inLanguage\":\"de\",\"potentialAction\":[{\"@type\":\"ReadAction\",\"target\":[\"https:\\\/\\\/huvona.wenco.tech\\\/index.php\\\/home\\\/\"]}]},{\"@type\":\"BreadcrumbList\",\"@id\":\"https:\\\/\\\/huvona.wenco.tech\\\/index.php\\\/home\\\/#breadcrumb\",\"itemListElement\":[{\"@type\":\"ListItem\",\"position\":1,\"name\":\"Start\",\"item\":\"https:\\\/\\\/huvona.wenco.tech\\\/\"},{\"@type\":\"ListItem\",\"position\":2,\"name\":\"Willkommen bei HUVONA Tierfutterservice eGbR \u2013 Ihrem zuverl\u00e4ssigen Partner f\u00fcr hochwertiges Hundefutter.\"}]},{\"@type\":\"WebSite\",\"@id\":\"https:\\\/\\\/huvona.wenco.tech\\\/#website\",\"url\":\"https:\\\/\\\/huvona.wenco.tech\\\/\",\"name\":\"Huvona Tierfutter Service\",\"description\":\"Die Manufaktur f\u00fcr Tiernahrung\",\"publisher\":{\"@id\":\"https:\\\/\\\/huvona.wenco.tech\\\/#organization\"},\"potentialAction\":[{\"@type\":\"SearchAction\",\"target\":{\"@type\":\"EntryPoint\",\"urlTemplate\":\"https:\\\/\\\/huvona.wenco.tech\\\/?s={search_term_string}\"},\"query-input\":{\"@type\":\"PropertyValueSpecification\",\"valueRequired\":true,\"valueName\":\"search_term_string\"}}],\"inLanguage\":\"de\"},{\"@type\":\"Organization\",\"@id\":\"https:\\\/\\\/huvona.wenco.tech\\\/#organization\",\"name\":\"Huvona Tierfutter Service\",\"url\":\"https:\\\/\\\/huvona.wenco.tech\\\/\",\"logo\":{\"@type\":\"ImageObject\",\"inLanguage\":\"de\",\"@id\":\"https:\\\/\\\/huvona.wenco.tech\\\/#\\\/schema\\\/logo\\\/image\\\/\",\"url\":\"https:\\\/\\\/huvona.wenco.tech\\\/wp-content\\\/uploads\\\/2026\\\/01\\\/cropped-cropped-cropped-cropped-7e83b2cd-222d-4d67-9bf6-40df4c32457b.jpg\",\"contentUrl\":\"https:\\\/\\\/huvona.wenco.tech\\\/wp-content\\\/uploads\\\/2026\\\/01\\\/cropped-cropped-cropped-cropped-7e83b2cd-222d-4d67-9bf6-40df4c32457b.jpg\",\"width\":512,\"height\":512,\"caption\":\"Huvona Tierfutter Service\"},\"image\":{\"@id\":\"https:\\\/\\\/huvona.wenco.tech\\\/#\\\/schema\\\/logo\\\/image\\\/\"}}]}<\/script>\n<!-- \/ Yoast SEO plugin. -->","yoast_head_json":{"title":"Willkommen bei HUVONA Tierfutterservice eGbR \u2013 Ihrem zuverl\u00e4ssigen Partner f\u00fcr hochwertiges Hundefutter. - Huvona Tierfutter Service","robots":{"index":"index","follow":"follow","max-snippet":"max-snippet:-1","max-image-preview":"max-image-preview:large","max-video-preview":"max-video-preview:-1"},"canonical":"https:\/\/huvona.wenco.tech\/index.php\/home\/","og_locale":"de_DE","og_type":"article","og_title":"Willkommen bei HUVONA Tierfutterservice eGbR \u2013 Ihrem zuverl\u00e4ssigen Partner f\u00fcr hochwertiges Hundefutter. - Huvona Tierfutter Service","og_description":"Willkommen bei HUVONA Tierfutterservice eGbR \u2013 Ihrem zuverl\u00e4ssigen Partner f\u00fcr hochwertiges Hundefutter. Frisches Tierfutter aus eigener Manufaktur \u2013 seit \u00fcber 50 Jahren Als familiengef\u00fchrtes Unternehmen mit jahrzehntelanger Erfahrung stehen wir f\u00fcr Frische, Qualit\u00e4t und handwerkliche Verarbeitung. Ob BARF-F\u00fctterung, Frischfleisch oder naturbelassene Trockenartikel: Bei uns wissen Sie genau, was im Napf landet. Viele unserer beliebtesten Produkte [&hellip;]","og_url":"https:\/\/huvona.wenco.tech\/index.php\/home\/","og_site_name":"Huvona Tierfutter Service","article_modified_time":"2026-02-26T11:10:44+00:00","twitter_card":"summary_large_image","twitter_misc":{"Gesch\u00e4tzte Lesezeit":"2\u00a0Minuten"},"schema":{"@context":"https:\/\/schema.org","@graph":[{"@type":"WebPage","@id":"https:\/\/huvona.wenco.tech\/index.php\/home\/","url":"https:\/\/huvona.wenco.tech\/index.php\/home\/","name":"Willkommen bei HUVONA Tierfutterservice eGbR \u2013 Ihrem zuverl\u00e4ssigen Partner f\u00fcr hochwertiges Hundefutter. - Huvona Tierfutter Service","isPartOf":{"@id":"https:\/\/huvona.wenco.tech\/#website"},"datePublished":"2026-01-13T08:44:40+00:00","dateModified":"2026-02-26T11:10:44+00:00","breadcrumb":{"@id":"https:\/\/huvona.wenco.tech\/index.php\/home\/#breadcrumb"},"inLanguage":"de","potentialAction":[{"@type":"ReadAction","target":["https:\/\/huvona.wenco.tech\/index.php\/home\/"]}]},{"@type":"BreadcrumbList","@id":"https:\/\/huvona.wenco.tech\/index.php\/home\/#breadcrumb","itemListElement":[{"@type":"ListItem","position":1,"name":"Start","item":"https:\/\/huvona.wenco.tech\/"},{"@type":"ListItem","position":2,"name":"Willkommen bei HUVONA Tierfutterservice eGbR \u2013 Ihrem zuverl\u00e4ssigen Partner f\u00fcr hochwertiges Hundefutter."}]},{"@type":"WebSite","@id":"https:\/\/huvona.wenco.tech\/#website","url":"https:\/\/huvona.wenco.tech\/","name":"Huvona Tierfutter Service","description":"Die Manufaktur f\u00fcr Tiernahrung","publisher":{"@id":"https:\/\/huvona.wenco.tech\/#organization"},"potentialAction":[{"@type":"SearchAction","target":{"@type":"EntryPoint","urlTemplate":"https:\/\/huvona.wenco.tech\/?s={search_term_string}"},"query-input":{"@type":"PropertyValueSpecification","valueRequired":true,"valueName":"search_term_string"}}],"inLanguage":"de"},{"@type":"Organization","@id":"https:\/\/huvona.wenco.tech\/#organization","name":"Huvona Tierfutter Service","url":"https:\/\/huvona.wenco.tech\/","logo":{"@type":"ImageObject","inLanguage":"de","@id":"https:\/\/huvona.wenco.tech\/#\/schema\/logo\/image\/","url":"https:\/\/huvona.wenco.tech\/wp-content\/uploads\/2026\/01\/cropped-cropped-cropped-cropped-7e83b2cd-222d-4d67-9bf6-40df4c32457b.jpg","contentUrl":"https:\/\/huvona.wenco.tech\/wp-content\/uploads\/2026\/01\/cropped-cropped-cropped-cropped-7e83b2cd-222d-4d67-9bf6-40df4c32457b.jpg","width":512,"height":512,"caption":"Huvona Tierfutter Service"},"image":{"@id":"https:\/\/huvona.wenco.tech\/#\/schema\/logo\/image\/"}}]}},"_links":{"self":[{"href":"https:\/\/huvona.wenco.tech\/index.php\/wp-json\/wp\/v2\/pages\/50","targetHints":{"allow":["GET"]}}],"collection":[{"href":"https:\/\/huvona.wenco.tech\/index.php\/wp-json\/wp\/v2\/pages"}],"about":[{"href":"https:\/\/huvona.wenco.tech\/index.php\/wp-json\/wp\/v2\/types\/page"}],"author":[{"embeddable":true,"href":"https:\/\/huvona.wenco.tech\/index.php\/wp-json\/wp\/v2\/users\/1"}],"replies":[{"embeddable":true,"href":"https:\/\/huvona.wenco.tech\/index.php\/wp-json\/wp\/v2\/comments?post=50"}],"version-history":[{"count":15,"href":"https:\/\/huvona.wenco.tech\/index.php\/wp-json\/wp\/v2\/pages\/50\/revisions"}],"predecessor-version":[{"id":583,"href":"https:\/\/huvona.wenco.tech\/index.php\/wp-json\/wp\/v2\/pages\/50\/revisions\/583"}],"wp:attachment":[{"href":"https:\/\/huvona.wenco.tech\/index.php\/wp-json\/wp\/v2\/media?parent=50"}],"curies":[{"name":"wp","href":"https:\/\/api.w.org\/{rel}","templated":true}]}}