{"id":565,"date":"2026-02-26T11:56:19","date_gmt":"2026-02-26T10:56:19","guid":{"rendered":"https:\/\/huvona.wenco.tech\/?page_id=565"},"modified":"2026-03-25T12:02:05","modified_gmt":"2026-03-25T11:02:05","slug":"trockenfutter-dosenfutter","status":"publish","type":"page","link":"https:\/\/huvona.wenco.tech\/index.php\/trockenfutter-dosenfutter\/","title":{"rendered":"Trockenfutter &amp; Dosenfutter"},"content":{"rendered":"\t\t<div data-elementor-type=\"wp-page\" data-elementor-id=\"565\" class=\"elementor elementor-565\">\n\t\t\t\t<div class=\"elementor-element elementor-element-5002acfe e-flex e-con-boxed e-con e-parent\" data-id=\"5002acfe\" data-element_type=\"container\" data-e-type=\"container\" id=\"services\" data-settings=\"{&quot;background_background&quot;:&quot;classic&quot;}\">\n\t\t\t\t\t<div class=\"e-con-inner\">\n\t\t<div class=\"elementor-element elementor-element-6ed6489 e-con-full e-flex e-con e-child\" data-id=\"6ed6489\" data-element_type=\"container\" data-e-type=\"container\" data-settings=\"{&quot;background_background&quot;:&quot;gradient&quot;}\">\n\t\t\t\t<div class=\"elementor-element elementor-element-622ebd86 elementor-widget elementor-widget-text-editor\" data-id=\"622ebd86\" data-element_type=\"widget\" data-e-type=\"widget\" data-widget_type=\"text-editor.default\">\n\t\t\t\t\t\t\t\t\t<h1><span style=\"color: #000000;\">\u00a0<\/span><\/h1><h2><span style=\"text-decoration: underline; color: #000000;\">Trockenfutter &amp; Dosenfutter<\/span><\/h2><p>\u00a0<\/p><p>\u00a0<\/p><p>\u00a0<\/p><p>\u00a0<\/p><p>\u00a0<\/p><p>\u00a0<\/p><p>\u00a0<\/p><p>\u00a0<\/p><p>\u00a0<\/p><p>\u00a0<\/p><p>\u00a0<\/p><p>\u00a0<\/p><p>\u00a0<\/p><p>\u00a0<\/p><p>\u00a0<\/p><p>\u00a0<\/p><p>\u00a0<\/p><p>\u00a0<\/p><p>\u00a0<\/p><p>\u00a0<\/p><p>\u00a0<\/p><p>\u00a0<\/p><p>\u00a0<\/p><p>\u00a0<\/p><h5 style=\"text-align: center;\"><span style=\"color: #000000;\">Nicht jeder Hund wird ausschlie\u00dflich gebarft \u2013 deshalb f\u00fchren wir auch:<\/span><\/h5><p>\u00a0<\/p><p>\u00a0<\/p><p>\u00a0<\/p><p>\u00a0<\/p><p>\u00a0<\/p><p>\u00a0<\/p><p>\u00a0<\/p><p>\u00a0<\/p><p>\u00a0<\/p><p>\u00a0<\/p><p>\u00a0<\/p><p>\u00a0<\/p><p>\u00a0<\/p><p>\u00a0<\/p><p>\u00a0<\/p><h5 style=\"text-align: center;\"><span style=\"color: #000000;\">\u2022 hochwertiges Trockenfutter<\/span><br \/><span style=\"color: #000000;\">\u2022 ausgew\u00e4hltes Dosenfutter<\/span><\/h5><p><span style=\"color: #000000;\">Beides eignet sich als:<\/span><\/p><h5 style=\"text-align: center;\"><span style=\"color: #000000;\">\u2022 Alternative zu BARF<\/span><br \/><span style=\"color: #000000;\">\u2022 Erg\u00e4nzung<\/span><br \/><span style=\"color: #000000;\">\u2022 oder \u00dcbergangsl\u00f6sung f\u00fcr BARF-Anf\u00e4nger<\/span><\/h5><p>\u00a0<\/p><p>\u00a0<\/p><p>\u00a0<\/p><p>\u00a0<\/p><p>\u00a0<\/p><p>\u00a0<\/p><p>\u00a0<\/p><p>\u00a0<\/p><p>\u00a0<\/p><p>\u00a0<\/p><p>\u00a0<\/p><p>\u00a0<\/p><p>\u00a0<\/p><p>\u00a0<\/p><p>\u00a0<\/p><p>\u00a0<\/p><p>\u00a0<\/p><p>\u00a0<\/p><h5 style=\"text-align: center;\"><span style=\"color: #000000;\">Wir beraten Sie gerne bei der Auswahl.<\/span><\/h5>\t\t\t\t\t\t\t\t<\/div>\n\t\t\t\t<div class=\"elementor-element elementor-element-5a7341cb elementor-align-center animated-slow elementor-invisible elementor-widget elementor-widget-button\" data-id=\"5a7341cb\" data-element_type=\"widget\" data-e-type=\"widget\" data-settings=\"{&quot;_animation&quot;:&quot;swing&quot;,&quot;_animation_delay&quot;:0}\" data-widget_type=\"button.default\">\n\t\t\t\t\t\t\t\t\t\t<a class=\"elementor-button elementor-button-link elementor-size-sm elementor-animation-grow\" href=\"https:\/\/huvona.wenco.tech\/index.php\/kontakt\/\">\n\t\t\t\t\t\t<span class=\"elementor-button-content-wrapper\">\n\t\t\t\t\t\t\t\t\t<span class=\"elementor-button-text\">Kontakt ...<\/span>\n\t\t\t\t\t<\/span>\n\t\t\t\t\t<\/a>\n\t\t\t\t\t\t\t\t<\/div>\n\t\t\t\t<\/div>\n\t\t\t\t\t<\/div>\n\t\t\t\t<\/div>\n\t\t<div class=\"elementor-element elementor-element-1276d564 e-flex e-con-boxed e-con e-parent\" data-id=\"1276d564\" data-element_type=\"container\" data-e-type=\"container\">\n\t\t\t\t\t<div class=\"e-con-inner\">\n\t\t\t\t\t<\/div>\n\t\t\t\t<\/div>\n\t\t\t\t<\/div>\n\t\t","protected":false},"excerpt":{"rendered":"<p>\u00a0 Trockenfutter &amp; Dosenfutter \u00a0 \u00a0 \u00a0 \u00a0 \u00a0 \u00a0 \u00a0 \u00a0 \u00a0 \u00a0 \u00a0 \u00a0 \u00a0 \u00a0 \u00a0 \u00a0 \u00a0 \u00a0 \u00a0 \u00a0 \u00a0 \u00a0 \u00a0 \u00a0 Nicht jeder Hund wird ausschlie\u00dflich gebarft \u2013 deshalb f\u00fchren wir auch: \u00a0 \u00a0 \u00a0 \u00a0 \u00a0 \u00a0 \u00a0 \u00a0 \u00a0 \u00a0 \u00a0 \u00a0 \u00a0 \u00a0 \u00a0 \u2022 [&hellip;]<\/p>\n","protected":false},"author":1,"featured_media":0,"parent":0,"menu_order":0,"comment_status":"closed","ping_status":"closed","template":"","meta":{"footnotes":""},"class_list":["post-565","page","type-page","status-publish","hentry"],"yoast_head":"<!-- This site is optimized with the Yoast SEO plugin v27.4 - https:\/\/yoast.com\/product\/yoast-seo-wordpress\/ -->\n<title>Trockenfutter &amp; Dosenfutter - Huvona Tierfutter Service<\/title>\n<meta name=\"robots\" content=\"index, follow, max-snippet:-1, max-image-preview:large, max-video-preview:-1\" \/>\n<link rel=\"canonical\" href=\"https:\/\/huvona.wenco.tech\/index.php\/trockenfutter-dosenfutter\/\" \/>\n<meta property=\"og:locale\" content=\"de_DE\" \/>\n<meta property=\"og:type\" content=\"article\" \/>\n<meta property=\"og:title\" content=\"Trockenfutter &amp; Dosenfutter - Huvona Tierfutter Service\" \/>\n<meta property=\"og:description\" content=\"\u00a0 Trockenfutter &amp; Dosenfutter \u00a0 \u00a0 \u00a0 \u00a0 \u00a0 \u00a0 \u00a0 \u00a0 \u00a0 \u00a0 \u00a0 \u00a0 \u00a0 \u00a0 \u00a0 \u00a0 \u00a0 \u00a0 \u00a0 \u00a0 \u00a0 \u00a0 \u00a0 \u00a0 Nicht jeder Hund wird ausschlie\u00dflich gebarft \u2013 deshalb f\u00fchren wir auch: \u00a0 \u00a0 \u00a0 \u00a0 \u00a0 \u00a0 \u00a0 \u00a0 \u00a0 \u00a0 \u00a0 \u00a0 \u00a0 \u00a0 \u00a0 \u2022 [&hellip;]\" \/>\n<meta property=\"og:url\" content=\"https:\/\/huvona.wenco.tech\/index.php\/trockenfutter-dosenfutter\/\" \/>\n<meta property=\"og:site_name\" content=\"Huvona Tierfutter Service\" \/>\n<meta property=\"article:modified_time\" content=\"2026-03-25T11:02:05+00:00\" \/>\n<meta name=\"twitter:card\" content=\"summary_large_image\" \/>\n<meta name=\"twitter:label1\" content=\"Gesch\u00e4tzte Lesezeit\" \/>\n\t<meta name=\"twitter:data1\" content=\"1\u00a0Minute\" \/>\n<script type=\"application\/ld+json\" class=\"yoast-schema-graph\">{\"@context\":\"https:\\\/\\\/schema.org\",\"@graph\":[{\"@type\":\"WebPage\",\"@id\":\"https:\\\/\\\/huvona.wenco.tech\\\/index.php\\\/trockenfutter-dosenfutter\\\/\",\"url\":\"https:\\\/\\\/huvona.wenco.tech\\\/index.php\\\/trockenfutter-dosenfutter\\\/\",\"name\":\"Trockenfutter &amp; Dosenfutter - Huvona Tierfutter Service\",\"isPartOf\":{\"@id\":\"https:\\\/\\\/huvona.wenco.tech\\\/#website\"},\"datePublished\":\"2026-02-26T10:56:19+00:00\",\"dateModified\":\"2026-03-25T11:02:05+00:00\",\"breadcrumb\":{\"@id\":\"https:\\\/\\\/huvona.wenco.tech\\\/index.php\\\/trockenfutter-dosenfutter\\\/#breadcrumb\"},\"inLanguage\":\"de\",\"potentialAction\":[{\"@type\":\"ReadAction\",\"target\":[\"https:\\\/\\\/huvona.wenco.tech\\\/index.php\\\/trockenfutter-dosenfutter\\\/\"]}]},{\"@type\":\"BreadcrumbList\",\"@id\":\"https:\\\/\\\/huvona.wenco.tech\\\/index.php\\\/trockenfutter-dosenfutter\\\/#breadcrumb\",\"itemListElement\":[{\"@type\":\"ListItem\",\"position\":1,\"name\":\"Start\",\"item\":\"https:\\\/\\\/huvona.wenco.tech\\\/\"},{\"@type\":\"ListItem\",\"position\":2,\"name\":\"Trockenfutter &amp; Dosenfutter\"}]},{\"@type\":\"WebSite\",\"@id\":\"https:\\\/\\\/huvona.wenco.tech\\\/#website\",\"url\":\"https:\\\/\\\/huvona.wenco.tech\\\/\",\"name\":\"Huvona Tierfutter Service\",\"description\":\"Die Manufaktur f\u00fcr Tiernahrung\",\"publisher\":{\"@id\":\"https:\\\/\\\/huvona.wenco.tech\\\/#organization\"},\"potentialAction\":[{\"@type\":\"SearchAction\",\"target\":{\"@type\":\"EntryPoint\",\"urlTemplate\":\"https:\\\/\\\/huvona.wenco.tech\\\/?s={search_term_string}\"},\"query-input\":{\"@type\":\"PropertyValueSpecification\",\"valueRequired\":true,\"valueName\":\"search_term_string\"}}],\"inLanguage\":\"de\"},{\"@type\":\"Organization\",\"@id\":\"https:\\\/\\\/huvona.wenco.tech\\\/#organization\",\"name\":\"Huvona Tierfutter Service\",\"url\":\"https:\\\/\\\/huvona.wenco.tech\\\/\",\"logo\":{\"@type\":\"ImageObject\",\"inLanguage\":\"de\",\"@id\":\"https:\\\/\\\/huvona.wenco.tech\\\/#\\\/schema\\\/logo\\\/image\\\/\",\"url\":\"https:\\\/\\\/huvona.wenco.tech\\\/wp-content\\\/uploads\\\/2026\\\/01\\\/cropped-cropped-cropped-cropped-7e83b2cd-222d-4d67-9bf6-40df4c32457b.jpg\",\"contentUrl\":\"https:\\\/\\\/huvona.wenco.tech\\\/wp-content\\\/uploads\\\/2026\\\/01\\\/cropped-cropped-cropped-cropped-7e83b2cd-222d-4d67-9bf6-40df4c32457b.jpg\",\"width\":512,\"height\":512,\"caption\":\"Huvona Tierfutter Service\"},\"image\":{\"@id\":\"https:\\\/\\\/huvona.wenco.tech\\\/#\\\/schema\\\/logo\\\/image\\\/\"}}]}<\/script>\n<!-- \/ Yoast SEO plugin. -->","yoast_head_json":{"title":"Trockenfutter &amp; Dosenfutter - Huvona Tierfutter Service","robots":{"index":"index","follow":"follow","max-snippet":"max-snippet:-1","max-image-preview":"max-image-preview:large","max-video-preview":"max-video-preview:-1"},"canonical":"https:\/\/huvona.wenco.tech\/index.php\/trockenfutter-dosenfutter\/","og_locale":"de_DE","og_type":"article","og_title":"Trockenfutter &amp; Dosenfutter - Huvona Tierfutter Service","og_description":"\u00a0 Trockenfutter &amp; Dosenfutter \u00a0 \u00a0 \u00a0 \u00a0 \u00a0 \u00a0 \u00a0 \u00a0 \u00a0 \u00a0 \u00a0 \u00a0 \u00a0 \u00a0 \u00a0 \u00a0 \u00a0 \u00a0 \u00a0 \u00a0 \u00a0 \u00a0 \u00a0 \u00a0 Nicht jeder Hund wird ausschlie\u00dflich gebarft \u2013 deshalb f\u00fchren wir auch: \u00a0 \u00a0 \u00a0 \u00a0 \u00a0 \u00a0 \u00a0 \u00a0 \u00a0 \u00a0 \u00a0 \u00a0 \u00a0 \u00a0 \u00a0 \u2022 [&hellip;]","og_url":"https:\/\/huvona.wenco.tech\/index.php\/trockenfutter-dosenfutter\/","og_site_name":"Huvona Tierfutter Service","article_modified_time":"2026-03-25T11:02:05+00:00","twitter_card":"summary_large_image","twitter_misc":{"Gesch\u00e4tzte Lesezeit":"1\u00a0Minute"},"schema":{"@context":"https:\/\/schema.org","@graph":[{"@type":"WebPage","@id":"https:\/\/huvona.wenco.tech\/index.php\/trockenfutter-dosenfutter\/","url":"https:\/\/huvona.wenco.tech\/index.php\/trockenfutter-dosenfutter\/","name":"Trockenfutter &amp; Dosenfutter - Huvona Tierfutter Service","isPartOf":{"@id":"https:\/\/huvona.wenco.tech\/#website"},"datePublished":"2026-02-26T10:56:19+00:00","dateModified":"2026-03-25T11:02:05+00:00","breadcrumb":{"@id":"https:\/\/huvona.wenco.tech\/index.php\/trockenfutter-dosenfutter\/#breadcrumb"},"inLanguage":"de","potentialAction":[{"@type":"ReadAction","target":["https:\/\/huvona.wenco.tech\/index.php\/trockenfutter-dosenfutter\/"]}]},{"@type":"BreadcrumbList","@id":"https:\/\/huvona.wenco.tech\/index.php\/trockenfutter-dosenfutter\/#breadcrumb","itemListElement":[{"@type":"ListItem","position":1,"name":"Start","item":"https:\/\/huvona.wenco.tech\/"},{"@type":"ListItem","position":2,"name":"Trockenfutter &amp; Dosenfutter"}]},{"@type":"WebSite","@id":"https:\/\/huvona.wenco.tech\/#website","url":"https:\/\/huvona.wenco.tech\/","name":"Huvona Tierfutter Service","description":"Die Manufaktur f\u00fcr Tiernahrung","publisher":{"@id":"https:\/\/huvona.wenco.tech\/#organization"},"potentialAction":[{"@type":"SearchAction","target":{"@type":"EntryPoint","urlTemplate":"https:\/\/huvona.wenco.tech\/?s={search_term_string}"},"query-input":{"@type":"PropertyValueSpecification","valueRequired":true,"valueName":"search_term_string"}}],"inLanguage":"de"},{"@type":"Organization","@id":"https:\/\/huvona.wenco.tech\/#organization","name":"Huvona Tierfutter Service","url":"https:\/\/huvona.wenco.tech\/","logo":{"@type":"ImageObject","inLanguage":"de","@id":"https:\/\/huvona.wenco.tech\/#\/schema\/logo\/image\/","url":"https:\/\/huvona.wenco.tech\/wp-content\/uploads\/2026\/01\/cropped-cropped-cropped-cropped-7e83b2cd-222d-4d67-9bf6-40df4c32457b.jpg","contentUrl":"https:\/\/huvona.wenco.tech\/wp-content\/uploads\/2026\/01\/cropped-cropped-cropped-cropped-7e83b2cd-222d-4d67-9bf6-40df4c32457b.jpg","width":512,"height":512,"caption":"Huvona Tierfutter Service"},"image":{"@id":"https:\/\/huvona.wenco.tech\/#\/schema\/logo\/image\/"}}]}},"_links":{"self":[{"href":"https:\/\/huvona.wenco.tech\/index.php\/wp-json\/wp\/v2\/pages\/565","targetHints":{"allow":["GET"]}}],"collection":[{"href":"https:\/\/huvona.wenco.tech\/index.php\/wp-json\/wp\/v2\/pages"}],"about":[{"href":"https:\/\/huvona.wenco.tech\/index.php\/wp-json\/wp\/v2\/types\/page"}],"author":[{"embeddable":true,"href":"https:\/\/huvona.wenco.tech\/index.php\/wp-json\/wp\/v2\/users\/1"}],"replies":[{"embeddable":true,"href":"https:\/\/huvona.wenco.tech\/index.php\/wp-json\/wp\/v2\/comments?post=565"}],"version-history":[{"count":7,"href":"https:\/\/huvona.wenco.tech\/index.php\/wp-json\/wp\/v2\/pages\/565\/revisions"}],"predecessor-version":[{"id":754,"href":"https:\/\/huvona.wenco.tech\/index.php\/wp-json\/wp\/v2\/pages\/565\/revisions\/754"}],"wp:attachment":[{"href":"https:\/\/huvona.wenco.tech\/index.php\/wp-json\/wp\/v2\/media?parent=565"}],"curies":[{"name":"wp","href":"https:\/\/api.w.org\/{rel}","templated":true}]}}