{"id":65,"date":"2026-01-13T10:11:08","date_gmt":"2026-01-13T09:11:08","guid":{"rendered":"https:\/\/huvona.wenco.tech\/?page_id=65"},"modified":"2026-04-15T19:42:57","modified_gmt":"2026-04-15T17:42:57","slug":"lieferservice","status":"publish","type":"page","link":"https:\/\/huvona.wenco.tech\/index.php\/lieferservice\/","title":{"rendered":"Lieferservice"},"content":{"rendered":"\t\t<div data-elementor-type=\"wp-page\" data-elementor-id=\"65\" class=\"elementor elementor-65\">\n\t\t\t\t<div class=\"elementor-element elementor-element-7a779532 e-con-full e-flex e-con e-parent\" data-id=\"7a779532\" data-element_type=\"container\" data-e-type=\"container\" id=\"services\" data-settings=\"{&quot;background_background&quot;:&quot;classic&quot;}\">\n\t\t<div class=\"elementor-element elementor-element-175a298a e-con-full e-flex e-con e-child\" data-id=\"175a298a\" data-element_type=\"container\" data-e-type=\"container\" data-settings=\"{&quot;background_background&quot;:&quot;gradient&quot;}\">\n\t\t\t\t<div class=\"elementor-element elementor-element-6140b27 elementor-widget elementor-widget-text-editor\" data-id=\"6140b27\" data-element_type=\"widget\" data-e-type=\"widget\" data-widget_type=\"text-editor.default\">\n\t\t\t\t\t\t\t\t\t<h2><span style=\"text-decoration: underline; color: #000000;\">Lieferservice, Einzugsgebiete &amp; Preise<\/span><\/h2>\n<h2>\u00a0<\/h2>\n<h2 class=\"has-text-align-center has-medium-font-size\"><span style=\"color: #000000;\">Wir freuen uns sehr, Ihnen unsere Neuer\u00f6ffnung bekannt zu geben!<\/span><\/h2>\n<h2 class=\"has-text-align-center has-medium-font-size\"><span style=\"color: #000000;\">Anl\u00e4sslich dieses besonderen Ereignisses bieten wir Ihnen einen attraktiven Lieferservice an.<\/span><\/h2>\n<p>\u00a0<\/p>\n<p>\u00a0<\/p>\n<p>\u00a0<\/p>\n<p>\u00a0<\/p>\n<p>\u00a0<\/p>\n<p>\u00a0<\/p>\n<p>\u00a0<\/p>\n<p>\u00a0<\/p>\n<p>\u00a0<\/p>\n<p>\u00a0<\/p>\n<p>\u00a0<\/p>\n<p>\u00a0<\/p>\n<p>\u00a0<\/p>\n<p>\u00a0<\/p>\n<p>\u00a0<\/p>\n<p><span style=\"color: #000000;\"><!-- \/wp:paragraph --><!-- wp:paragraph {\"align\":\"center\",\"fontSize\":\"medium\"} --><\/span><\/p>\n<p class=\"has-text-align-center has-medium-font-size\"><span style=\"color: #000000;\"><strong>Ab sofort erh<span style=\"color: #000000;\">alten Sie alle unsere Produkte bequem<\/span> nach Hause geliefert \u2013 die Lieferkosten sind bereits im Preis enthalten. So m\u00f6chten wir Ihnen den bestm\u00f6glichen Service bieten und Ihren Einkauf so angenehm wie m\u00f6glich gestalten.<\/strong><\/span><\/p>\n<p>\u00a0<\/p>\n<p>\u00a0<\/p>\n<p>\u00a0<\/p>\n<p>\u00a0<\/p>\n<p>\u00a0<\/p>\n<p>\u00a0<\/p>\n<p>\u00a0<\/p>\n<p>\u00a0<\/p>\n<p>\u00a0<\/p>\n<p>\u00a0<\/p>\n<p>\u00a0<\/p>\n<p>\u00a0<\/p>\n<p>\u00a0<\/p>\n<p><span style=\"color: #000000;\"><!-- \/wp:paragraph --><!-- wp:paragraph {\"align\":\"center\",\"style\":{\"elements\":{\"link\":{\"color\":{\"text\":\"var:preset|color|vivid-red\"}}}},\"textColor\":\"vivid-red\",\"fontSize\":\"medium\"} --><\/span><\/p>\n<p class=\"has-text-align-center has-vivid-red-color has-text-color has-link-color has-medium-font-size\"><span style=\"color: #000000;\">Bitte beachten Sie unsere Bestell- und Lieferzeiten:<\/span><br \/><span style=\"color: #000000;\">Bestellungen m\u00fcssen <strong>bis sp\u00e4testens Mittwoch, 18:00 Uhr<\/strong>, bei uns eingegangen sein.<\/span><br \/><span style=\"color: #000000;\">Die <strong>Lieferung erfolgt am darauffolgenden Freitag<\/strong>.<\/span><\/p>\n<p>\u00a0<\/p>\n<p>\u00a0<\/p>\n<p>\u00a0<\/p>\n<p>\u00a0<\/p>\n<p>\u00a0<\/p>\n<p>\u00a0<\/p>\n<p>\u00a0<\/p>\n<p>\u00a0<\/p>\n<p>\u00a0<\/p>\n<p>\u00a0<\/p>\n<p>\u00a0<\/p>\n<p>\u00a0<\/p>\n<p>\u00a0<\/p>\n<p>\u00a0<\/p>\n<p>\u00a0<\/p>\n<p>\u00a0<\/p>\n<p>\u00a0<\/p>\n<p>\u00a0<\/p>\n<p>\u00a0<\/p>\n<p>\u00a0<\/p>\n<p><span style=\"color: #000000;\"><!-- \/wp:paragraph --><!-- wp:paragraph --><\/span><\/p>\n<p>\u00a0<\/p>\n<p><span style=\"color: #000000;\"><!-- \/wp:paragraph --><!-- wp:paragraph {\"align\":\"center\",\"fontSize\":\"medium\"} --><\/span><\/p>\n<p class=\"has-text-align-center has-medium-font-size\"><span style=\"color: #000000;\"><strong>Wir freuen uns darauf, Sie als Kundin oder Kunden begr\u00fc\u00dfen zu d\u00fcrfen und stehen Ihnen bei Fragen jederzeit gerne zur Verf\u00fcgung.<\/strong><\/span><\/p>\n<p><span style=\"color: #000000;\"><!-- \/wp:paragraph --><!-- wp:paragraph {\"align\":\"center\",\"fontSize\":\"medium\"} --><\/span><\/p>\n<p class=\"has-text-align-center has-medium-font-size\"><span style=\"color: #000000;\"><strong>Sie haben die M\u00f6glichkeit Online per E-Mail Ihre Bestellung aufzugeben oder unseren Telefon-Support zu nutzen.<\/strong><\/span><\/p>\n<p><span style=\"color: #000000;\"><!-- \/wp:paragraph --><!-- wp:paragraph --><\/span><\/p>\n<p>\u00a0<\/p>\n<p>\u00a0<\/p>\n<p>\u00a0<\/p>\n<p>\u00a0<\/p>\n<p>\u00a0<\/p>\n<p>\u00a0<\/p>\n<p>\u00a0<\/p>\n<p>\u00a0<\/p>\n<p>\u00a0<\/p>\n<p>\u00a0<\/p>\n<p>\u00a0<\/p>\n<p>\u00a0<\/p>\n<p>\u00a0<\/p>\n<p>\u00a0<\/p>\n<p>\u00a0<\/p>\n<p>\u00a0<\/p>\n<p>\u00a0<\/p>\n<p>\u00a0<\/p>\n<p>\u00a0<\/p>\n<p>\u00a0<\/p>\n<p>\u00a0<\/p>\n<p>\u00a0<\/p>\n<p>\u00a0<\/p>\n<p>\u00a0<\/p>\n<p>\u00a0<\/p>\n<p>\u00a0<\/p>\n<p><span style=\"color: #000000;\"><!-- \/wp:paragraph --><!-- wp:paragraph --><\/span><\/p>\n<h4><span style=\"color: #000000;\">E-Mail Adresse : lieferung@huvona.de<\/span><\/h4>\n<h4><span style=\"color: #000000;\"><!-- \/wp:paragraph --><!-- wp:paragraph --><\/span><\/h4>\n<h4><span style=\"color: #000000;\">Telefonnummer: 0171 \/ 1511613\u00a0 <\/span><\/h4>\n<h4>\u00a0<\/h4>\n<h4>\u00a0<\/h4>\n<p>\u00a0<\/p>\n<p>\u00a0<\/p>\n<p>\u00a0<\/p>\n<p>\u00a0<\/p>\n<h4><span style=\"color: #000000;\">&gt;&gt;&gt; hier sind unsere\u00a0 \u00a0&#8222;Ladenpreise&#8220;&lt;&lt;&lt;<img fetchpriority=\"high\" decoding=\"async\" class=\"alignleft size-full wp-image-771\" src=\"https:\/\/huvona.wenco.tech\/wp-content\/uploads\/2026\/03\/unbenannt5855654645-1.jpg\" alt=\"\" width=\"2340\" height=\"1655\" srcset=\"https:\/\/huvona.wenco.tech\/wp-content\/uploads\/2026\/03\/unbenannt5855654645-1.jpg 2340w, https:\/\/huvona.wenco.tech\/wp-content\/uploads\/2026\/03\/unbenannt5855654645-1-300x212.jpg 300w, https:\/\/huvona.wenco.tech\/wp-content\/uploads\/2026\/03\/unbenannt5855654645-1-1024x724.jpg 1024w, https:\/\/huvona.wenco.tech\/wp-content\/uploads\/2026\/03\/unbenannt5855654645-1-768x543.jpg 768w, https:\/\/huvona.wenco.tech\/wp-content\/uploads\/2026\/03\/unbenannt5855654645-1-1536x1086.jpg 1536w, https:\/\/huvona.wenco.tech\/wp-content\/uploads\/2026\/03\/unbenannt5855654645-1-2048x1448.jpg 2048w\" sizes=\"(max-width: 2340px) 100vw, 2340px\" \/><\/span><\/h4>\n<div>\u00a0<\/div>\n<div><span style=\"color: #000000;\">\u00a0<\/span><\/div>\n<h4>\u00a0<\/h4>\n<p>\u00a0<\/p>\n<p>\u00a0<\/p>\n<p>\u00a0<\/p>\n<p>\u00a0<\/p>\n<p>\u00a0<\/p>\n<p>\u00a0<\/p>\n<p>\u00a0<\/p>\n<p>\u00a0<\/p>\n<p>\u00a0<\/p>\n<p>\u00a0<\/p>\n<p>\u00a0<\/p>\n<p>\u00a0<\/p>\n<p>\u00a0<\/p>\n<p>\u00a0<\/p>\n<p>\u00a0<\/p>\n<p>\u00a0<\/p>\n<p>\u00a0<\/p>\n<p>\u00a0<\/p>\n<p>\u00a0<\/p>\n<p>\u00a0<\/p>\n<p>\u00a0<\/p>\n<p>\u00a0<\/p>\n<p>\u00a0<\/p>\n<p>\u00a0<\/p>\n<p>\u00a0<\/p>\n<p>\u00a0<\/p>\n<p>\u00a0<\/p>\n<p>\u00a0<\/p>\n<p>\u00a0<\/p>\n<p>\u00a0<\/p>\n<p>\u00a0<\/p>\n<p>\u00a0<\/p>\n<p>\u00a0<\/p>\n<p>\u00a0<\/p>\n<p>\u00a0<\/p>\n<p>\u00a0<\/p>\n<p>\u00a0<\/p>\n<p>\u00a0<\/p>\n<p>\u00a0<\/p>\n<p>\u00a0<\/p>\n<p>\u00a0<\/p>\n<p>\u00a0<\/p>\n<p>\u00a0<\/p>\n<p>\u00a0<\/p>\n<p>\u00a0<\/p>\n<p>\u00a0<\/p>\n<p>\u00a0<\/p>\n<p>\u00a0<\/p>\n<p>\u00a0<\/p>\n<p>\u00a0<\/p>\n<p>\u00a0<\/p>\n<h4>\u00a0<\/h4>\n<h4><span style=\"color: #000000;\">&gt;&gt;&gt; hier unser Einzugsgebiet und die dazugeh\u00f6rigen &#8222;Lieferpreise&#8220; &lt;&lt;&lt;<\/span><\/h4>\n<div><span style=\"color: #000000;\">\u00a0<\/span><\/div>\n<div>\u00a0<\/div>\n<div>\u00a0<\/div>\n<div>\u00a0<\/div>\n<div>\u00a0<\/div>\n<div>\u00a0<\/div>\n<div>\u00a0<\/div>\n<div>\u00a0<\/div>\n<div>\u00a0<\/div>\n<div>\u00a0<\/div>\n<div>\u00a0<\/div>\n<div>\u00a0<\/div>\n<div>\u00a0<\/div>\n<div>\u00a0<\/div>\n<div>\u00a0<\/div>\n<div>\u00a0<\/div>\n<div>\u00a0<\/div>\n<div>\u00a0<\/div>\n<div>\u00a0<\/div>\n<div>\u00a0<\/div>\n<div><span style=\"color: #000000;\">\u00a0<\/span><\/div>\n<div><span style=\"color: #000000;\">\u00a0<\/span><\/div>\n<div><span style=\"color: #000000;\">\u00a0<\/span><\/div>\n<div><span style=\"color: #000000;\">\u00a0<\/span><\/div>\n<div><span style=\"color: #000000;\">\u00a0<\/span><\/div>\n<div><span style=\"color: #000000;\">\u00a0<\/span><\/div>\n<div><span style=\"color: #000000;\">\u00a0<\/span><\/div>\n<div><span style=\"color: #000000;\">\u00a0<\/span><\/div>\n<div><span style=\"color: #000000;\">\u00a0<\/span><\/div>\n<div><span style=\"color: #000000;\">\u00a0<\/span><\/div>\n<p><span style=\"color: #000000;\"><!-- \/wp:paragraph --><!-- wp:paragraph --><\/span><\/p>\n<p><img decoding=\"async\" class=\"alignleft size-full wp-image-67\" src=\"https:\/\/huvona.wenco.tech\/wp-content\/uploads\/2026\/01\/7e83b2cd-222d-4d67-9bf6-40df4c32457b.jpg\" alt=\"\" width=\"1600\" height=\"1131\" srcset=\"https:\/\/huvona.wenco.tech\/wp-content\/uploads\/2026\/01\/7e83b2cd-222d-4d67-9bf6-40df4c32457b.jpg 1600w, https:\/\/huvona.wenco.tech\/wp-content\/uploads\/2026\/01\/7e83b2cd-222d-4d67-9bf6-40df4c32457b-300x212.jpg 300w, https:\/\/huvona.wenco.tech\/wp-content\/uploads\/2026\/01\/7e83b2cd-222d-4d67-9bf6-40df4c32457b-1024x724.jpg 1024w, https:\/\/huvona.wenco.tech\/wp-content\/uploads\/2026\/01\/7e83b2cd-222d-4d67-9bf6-40df4c32457b-768x543.jpg 768w, https:\/\/huvona.wenco.tech\/wp-content\/uploads\/2026\/01\/7e83b2cd-222d-4d67-9bf6-40df4c32457b-1536x1086.jpg 1536w\" sizes=\"(max-width: 1600px) 100vw, 1600px\" \/><\/p>\n<p><span style=\"color: #000000;\"><!-- \/wp:paragraph --><!-- wp:image {\"id\":67,\"sizeSlug\":\"large\",\"linkDestination\":\"none\"} --><\/span><\/p>\n<figure class=\"wp-block-image size-large\"><\/figure>\n<p><img decoding=\"async\" class=\"alignleft size-full wp-image-92\" src=\"https:\/\/huvona.wenco.tech\/wp-content\/uploads\/2026\/01\/Huvona-Lieferflyer-stand-01012026-pdf-1.jpg\" alt=\"\" width=\"1497\" height=\"1059\" srcset=\"https:\/\/huvona.wenco.tech\/wp-content\/uploads\/2026\/01\/Huvona-Lieferflyer-stand-01012026-pdf-1.jpg 1497w, https:\/\/huvona.wenco.tech\/wp-content\/uploads\/2026\/01\/Huvona-Lieferflyer-stand-01012026-pdf-1-300x212.jpg 300w, https:\/\/huvona.wenco.tech\/wp-content\/uploads\/2026\/01\/Huvona-Lieferflyer-stand-01012026-pdf-1-1024x724.jpg 1024w, https:\/\/huvona.wenco.tech\/wp-content\/uploads\/2026\/01\/Huvona-Lieferflyer-stand-01012026-pdf-1-768x543.jpg 768w\" sizes=\"(max-width: 1497px) 100vw, 1497px\" \/><\/p>\n<figure class=\"wp-block-image size-large\"><\/figure>\n<p><span style=\"color: #000000;\"><!-- \/wp:image --><!-- wp:image {\"id\":92,\"sizeSlug\":\"large\",\"linkDestination\":\"none\"} --><\/span><\/p>\n<figure><\/figure>\n<figure><\/figure>\n<figure class=\"wp-block-image size-large\"><\/figure>\t\t\t\t\t\t\t\t<\/div>\n\t\t\t\t<div class=\"elementor-element elementor-element-42114da elementor-widget elementor-widget-image\" data-id=\"42114da\" data-element_type=\"widget\" data-e-type=\"widget\" data-widget_type=\"image.default\">\n\t\t\t\t\t\t\t\t\t\t\t\t\t\t\t<img decoding=\"async\" src=\"https:\/\/huvona.wenco.tech\/wp-content\/uploads\/2026\/03\/preisliste_final5-1.pdf\" title=\"\" alt=\"\" loading=\"lazy\" \/>\t\t\t\t\t\t\t\t\t\t\t\t\t\t\t<\/div>\n\t\t\t\t<div class=\"elementor-element elementor-element-105dbae5 elementor-align-center animated-slow elementor-invisible elementor-widget elementor-widget-button\" data-id=\"105dbae5\" data-element_type=\"widget\" data-e-type=\"widget\" data-settings=\"{&quot;_animation&quot;:&quot;swing&quot;,&quot;_animation_delay&quot;:0}\" data-widget_type=\"button.default\">\n\t\t\t\t\t\t\t\t\t\t<a class=\"elementor-button elementor-button-link elementor-size-sm elementor-animation-grow\" href=\"https:\/\/huvona.wenco.tech\/index.php\/kontakt\/\">\n\t\t\t\t\t\t<span class=\"elementor-button-content-wrapper\">\n\t\t\t\t\t\t\t\t\t<span class=\"elementor-button-text\">Kontakt ...<\/span>\n\t\t\t\t\t<\/span>\n\t\t\t\t\t<\/a>\n\t\t\t\t\t\t\t\t<\/div>\n\t\t\t\t<\/div>\n\t\t\t\t<\/div>\n\t\t\t\t<\/div>\n\t\t","protected":false},"excerpt":{"rendered":"<p>Lieferservice, Einzugsgebiete &amp; Preise \u00a0 Wir freuen uns sehr, Ihnen unsere Neuer\u00f6ffnung bekannt zu geben! Anl\u00e4sslich dieses besonderen Ereignisses bieten wir Ihnen einen attraktiven Lieferservice an. \u00a0 \u00a0 \u00a0 \u00a0 \u00a0 \u00a0 \u00a0 \u00a0 \u00a0 \u00a0 \u00a0 \u00a0 \u00a0 \u00a0 \u00a0 Ab sofort erhalten Sie alle unsere Produkte bequem nach Hause geliefert \u2013 die Lieferkosten [&hellip;]<\/p>\n","protected":false},"author":1,"featured_media":0,"parent":0,"menu_order":0,"comment_status":"closed","ping_status":"closed","template":"","meta":{"footnotes":""},"class_list":["post-65","page","type-page","status-publish","hentry"],"yoast_head":"<!-- This site is optimized with the Yoast SEO plugin v27.4 - https:\/\/yoast.com\/product\/yoast-seo-wordpress\/ -->\n<title>Lieferservice - Huvona Tierfutter Service<\/title>\n<meta name=\"robots\" content=\"index, follow, max-snippet:-1, max-image-preview:large, max-video-preview:-1\" \/>\n<link rel=\"canonical\" href=\"https:\/\/huvona.wenco.tech\/index.php\/lieferservice\/\" \/>\n<meta property=\"og:locale\" content=\"de_DE\" \/>\n<meta property=\"og:type\" content=\"article\" \/>\n<meta property=\"og:title\" content=\"Lieferservice - Huvona Tierfutter Service\" \/>\n<meta property=\"og:description\" content=\"Lieferservice, Einzugsgebiete &amp; Preise \u00a0 Wir freuen uns sehr, Ihnen unsere Neuer\u00f6ffnung bekannt zu geben! Anl\u00e4sslich dieses besonderen Ereignisses bieten wir Ihnen einen attraktiven Lieferservice an. \u00a0 \u00a0 \u00a0 \u00a0 \u00a0 \u00a0 \u00a0 \u00a0 \u00a0 \u00a0 \u00a0 \u00a0 \u00a0 \u00a0 \u00a0 Ab sofort erhalten Sie alle unsere Produkte bequem nach Hause geliefert \u2013 die Lieferkosten [&hellip;]\" \/>\n<meta property=\"og:url\" content=\"https:\/\/huvona.wenco.tech\/index.php\/lieferservice\/\" \/>\n<meta property=\"og:site_name\" content=\"Huvona Tierfutter Service\" \/>\n<meta property=\"article:modified_time\" content=\"2026-04-15T17:42:57+00:00\" \/>\n<meta property=\"og:image\" content=\"https:\/\/huvona.wenco.tech\/wp-content\/uploads\/2026\/03\/unbenannt5855654645-1.jpg\" \/>\n<meta name=\"twitter:card\" content=\"summary_large_image\" \/>\n<script type=\"application\/ld+json\" class=\"yoast-schema-graph\">{\"@context\":\"https:\\\/\\\/schema.org\",\"@graph\":[{\"@type\":\"WebPage\",\"@id\":\"https:\\\/\\\/huvona.wenco.tech\\\/index.php\\\/lieferservice\\\/\",\"url\":\"https:\\\/\\\/huvona.wenco.tech\\\/index.php\\\/lieferservice\\\/\",\"name\":\"Lieferservice - Huvona Tierfutter Service\",\"isPartOf\":{\"@id\":\"https:\\\/\\\/huvona.wenco.tech\\\/#website\"},\"primaryImageOfPage\":{\"@id\":\"https:\\\/\\\/huvona.wenco.tech\\\/index.php\\\/lieferservice\\\/#primaryimage\"},\"image\":{\"@id\":\"https:\\\/\\\/huvona.wenco.tech\\\/index.php\\\/lieferservice\\\/#primaryimage\"},\"thumbnailUrl\":\"https:\\\/\\\/huvona.wenco.tech\\\/wp-content\\\/uploads\\\/2026\\\/03\\\/unbenannt5855654645-1.jpg\",\"datePublished\":\"2026-01-13T09:11:08+00:00\",\"dateModified\":\"2026-04-15T17:42:57+00:00\",\"breadcrumb\":{\"@id\":\"https:\\\/\\\/huvona.wenco.tech\\\/index.php\\\/lieferservice\\\/#breadcrumb\"},\"inLanguage\":\"de\",\"potentialAction\":[{\"@type\":\"ReadAction\",\"target\":[\"https:\\\/\\\/huvona.wenco.tech\\\/index.php\\\/lieferservice\\\/\"]}]},{\"@type\":\"ImageObject\",\"inLanguage\":\"de\",\"@id\":\"https:\\\/\\\/huvona.wenco.tech\\\/index.php\\\/lieferservice\\\/#primaryimage\",\"url\":\"https:\\\/\\\/huvona.wenco.tech\\\/wp-content\\\/uploads\\\/2026\\\/03\\\/unbenannt5855654645-1.jpg\",\"contentUrl\":\"https:\\\/\\\/huvona.wenco.tech\\\/wp-content\\\/uploads\\\/2026\\\/03\\\/unbenannt5855654645-1.jpg\",\"width\":2340,\"height\":1655},{\"@type\":\"BreadcrumbList\",\"@id\":\"https:\\\/\\\/huvona.wenco.tech\\\/index.php\\\/lieferservice\\\/#breadcrumb\",\"itemListElement\":[{\"@type\":\"ListItem\",\"position\":1,\"name\":\"Start\",\"item\":\"https:\\\/\\\/huvona.wenco.tech\\\/\"},{\"@type\":\"ListItem\",\"position\":2,\"name\":\"Lieferservice\"}]},{\"@type\":\"WebSite\",\"@id\":\"https:\\\/\\\/huvona.wenco.tech\\\/#website\",\"url\":\"https:\\\/\\\/huvona.wenco.tech\\\/\",\"name\":\"Huvona Tierfutter Service\",\"description\":\"Die Manufaktur f\u00fcr Tiernahrung\",\"publisher\":{\"@id\":\"https:\\\/\\\/huvona.wenco.tech\\\/#organization\"},\"potentialAction\":[{\"@type\":\"SearchAction\",\"target\":{\"@type\":\"EntryPoint\",\"urlTemplate\":\"https:\\\/\\\/huvona.wenco.tech\\\/?s={search_term_string}\"},\"query-input\":{\"@type\":\"PropertyValueSpecification\",\"valueRequired\":true,\"valueName\":\"search_term_string\"}}],\"inLanguage\":\"de\"},{\"@type\":\"Organization\",\"@id\":\"https:\\\/\\\/huvona.wenco.tech\\\/#organization\",\"name\":\"Huvona Tierfutter Service\",\"url\":\"https:\\\/\\\/huvona.wenco.tech\\\/\",\"logo\":{\"@type\":\"ImageObject\",\"inLanguage\":\"de\",\"@id\":\"https:\\\/\\\/huvona.wenco.tech\\\/#\\\/schema\\\/logo\\\/image\\\/\",\"url\":\"https:\\\/\\\/huvona.wenco.tech\\\/wp-content\\\/uploads\\\/2026\\\/01\\\/cropped-cropped-cropped-cropped-7e83b2cd-222d-4d67-9bf6-40df4c32457b.jpg\",\"contentUrl\":\"https:\\\/\\\/huvona.wenco.tech\\\/wp-content\\\/uploads\\\/2026\\\/01\\\/cropped-cropped-cropped-cropped-7e83b2cd-222d-4d67-9bf6-40df4c32457b.jpg\",\"width\":512,\"height\":512,\"caption\":\"Huvona Tierfutter Service\"},\"image\":{\"@id\":\"https:\\\/\\\/huvona.wenco.tech\\\/#\\\/schema\\\/logo\\\/image\\\/\"}}]}<\/script>\n<!-- \/ Yoast SEO plugin. -->","yoast_head_json":{"title":"Lieferservice - Huvona Tierfutter Service","robots":{"index":"index","follow":"follow","max-snippet":"max-snippet:-1","max-image-preview":"max-image-preview:large","max-video-preview":"max-video-preview:-1"},"canonical":"https:\/\/huvona.wenco.tech\/index.php\/lieferservice\/","og_locale":"de_DE","og_type":"article","og_title":"Lieferservice - Huvona Tierfutter Service","og_description":"Lieferservice, Einzugsgebiete &amp; Preise \u00a0 Wir freuen uns sehr, Ihnen unsere Neuer\u00f6ffnung bekannt zu geben! Anl\u00e4sslich dieses besonderen Ereignisses bieten wir Ihnen einen attraktiven Lieferservice an. \u00a0 \u00a0 \u00a0 \u00a0 \u00a0 \u00a0 \u00a0 \u00a0 \u00a0 \u00a0 \u00a0 \u00a0 \u00a0 \u00a0 \u00a0 Ab sofort erhalten Sie alle unsere Produkte bequem nach Hause geliefert \u2013 die Lieferkosten [&hellip;]","og_url":"https:\/\/huvona.wenco.tech\/index.php\/lieferservice\/","og_site_name":"Huvona Tierfutter Service","article_modified_time":"2026-04-15T17:42:57+00:00","og_image":[{"url":"https:\/\/huvona.wenco.tech\/wp-content\/uploads\/2026\/03\/unbenannt5855654645-1.jpg","type":"","width":"","height":""}],"twitter_card":"summary_large_image","schema":{"@context":"https:\/\/schema.org","@graph":[{"@type":"WebPage","@id":"https:\/\/huvona.wenco.tech\/index.php\/lieferservice\/","url":"https:\/\/huvona.wenco.tech\/index.php\/lieferservice\/","name":"Lieferservice - Huvona Tierfutter Service","isPartOf":{"@id":"https:\/\/huvona.wenco.tech\/#website"},"primaryImageOfPage":{"@id":"https:\/\/huvona.wenco.tech\/index.php\/lieferservice\/#primaryimage"},"image":{"@id":"https:\/\/huvona.wenco.tech\/index.php\/lieferservice\/#primaryimage"},"thumbnailUrl":"https:\/\/huvona.wenco.tech\/wp-content\/uploads\/2026\/03\/unbenannt5855654645-1.jpg","datePublished":"2026-01-13T09:11:08+00:00","dateModified":"2026-04-15T17:42:57+00:00","breadcrumb":{"@id":"https:\/\/huvona.wenco.tech\/index.php\/lieferservice\/#breadcrumb"},"inLanguage":"de","potentialAction":[{"@type":"ReadAction","target":["https:\/\/huvona.wenco.tech\/index.php\/lieferservice\/"]}]},{"@type":"ImageObject","inLanguage":"de","@id":"https:\/\/huvona.wenco.tech\/index.php\/lieferservice\/#primaryimage","url":"https:\/\/huvona.wenco.tech\/wp-content\/uploads\/2026\/03\/unbenannt5855654645-1.jpg","contentUrl":"https:\/\/huvona.wenco.tech\/wp-content\/uploads\/2026\/03\/unbenannt5855654645-1.jpg","width":2340,"height":1655},{"@type":"BreadcrumbList","@id":"https:\/\/huvona.wenco.tech\/index.php\/lieferservice\/#breadcrumb","itemListElement":[{"@type":"ListItem","position":1,"name":"Start","item":"https:\/\/huvona.wenco.tech\/"},{"@type":"ListItem","position":2,"name":"Lieferservice"}]},{"@type":"WebSite","@id":"https:\/\/huvona.wenco.tech\/#website","url":"https:\/\/huvona.wenco.tech\/","name":"Huvona Tierfutter Service","description":"Die Manufaktur f\u00fcr Tiernahrung","publisher":{"@id":"https:\/\/huvona.wenco.tech\/#organization"},"potentialAction":[{"@type":"SearchAction","target":{"@type":"EntryPoint","urlTemplate":"https:\/\/huvona.wenco.tech\/?s={search_term_string}"},"query-input":{"@type":"PropertyValueSpecification","valueRequired":true,"valueName":"search_term_string"}}],"inLanguage":"de"},{"@type":"Organization","@id":"https:\/\/huvona.wenco.tech\/#organization","name":"Huvona Tierfutter Service","url":"https:\/\/huvona.wenco.tech\/","logo":{"@type":"ImageObject","inLanguage":"de","@id":"https:\/\/huvona.wenco.tech\/#\/schema\/logo\/image\/","url":"https:\/\/huvona.wenco.tech\/wp-content\/uploads\/2026\/01\/cropped-cropped-cropped-cropped-7e83b2cd-222d-4d67-9bf6-40df4c32457b.jpg","contentUrl":"https:\/\/huvona.wenco.tech\/wp-content\/uploads\/2026\/01\/cropped-cropped-cropped-cropped-7e83b2cd-222d-4d67-9bf6-40df4c32457b.jpg","width":512,"height":512,"caption":"Huvona Tierfutter Service"},"image":{"@id":"https:\/\/huvona.wenco.tech\/#\/schema\/logo\/image\/"}}]}},"_links":{"self":[{"href":"https:\/\/huvona.wenco.tech\/index.php\/wp-json\/wp\/v2\/pages\/65","targetHints":{"allow":["GET"]}}],"collection":[{"href":"https:\/\/huvona.wenco.tech\/index.php\/wp-json\/wp\/v2\/pages"}],"about":[{"href":"https:\/\/huvona.wenco.tech\/index.php\/wp-json\/wp\/v2\/types\/page"}],"author":[{"embeddable":true,"href":"https:\/\/huvona.wenco.tech\/index.php\/wp-json\/wp\/v2\/users\/1"}],"replies":[{"embeddable":true,"href":"https:\/\/huvona.wenco.tech\/index.php\/wp-json\/wp\/v2\/comments?post=65"}],"version-history":[{"count":34,"href":"https:\/\/huvona.wenco.tech\/index.php\/wp-json\/wp\/v2\/pages\/65\/revisions"}],"predecessor-version":[{"id":800,"href":"https:\/\/huvona.wenco.tech\/index.php\/wp-json\/wp\/v2\/pages\/65\/revisions\/800"}],"wp:attachment":[{"href":"https:\/\/huvona.wenco.tech\/index.php\/wp-json\/wp\/v2\/media?parent=65"}],"curies":[{"name":"wp","href":"https:\/\/api.w.org\/{rel}","templated":true}]}}